{"id":13,"date":"2023-09-14T11:16:03","date_gmt":"2023-09-14T09:16:03","guid":{"rendered":"https:\/\/blubloxx.de\/?page_id=13"},"modified":"2026-03-11T13:45:47","modified_gmt":"2026-03-11T11:45:47","slug":"ons-product","status":"publish","type":"page","link":"https:\/\/blubloxx.de\/nl\/ons-product\/","title":{"rendered":"Ons product"},"content":{"rendered":"<p>[et_pb_section fb_built=\u201c1\u201c admin_label=\u201cProduct\u201c _builder_version=\u201c4.17.6\u201c _module_preset=\u201cdefault\u201c background_enable_image=\u201coff\u201c background_position=\u201ctop_center\u201c overflow-x=\u201chidden\u201c overflow-y=\u201chidden\u201c custom_padding=\u201c||5px|||\u201c collapsed=\u201con\u201c global_colors_info=\u201c{}\u201c][et_pb_row column_structure=\u201c1_2,1_2\u201c _builder_version=\u201c4.22.1\u201c _module_preset=\u201cdefault\u201c global_colors_info=\u201c{}\u201c][et_pb_column type=\u201c1_2\u201c _builder_version=\u201c4.22.1\u201c _module_preset=\u201cdefault\u201c global_colors_info=\u201c{}\"][et_pb_text _builder_version=\"4.22.1\" _module_preset=\"default\" global_colors_info=\"{}\"]<\/p>\n<h1>Speel duurzaam. Denk groot. Blubloxx.<\/h1>\n<p class=\"font-claude-response-body break-words whitespace-normal leading-[1.7]\">Blubloxx zijn grootformaat speelblokken gemaakt van 50 % gerecycled industrieel plastic. Wat vroeger als productieafval eindigde, wordt bij ons hoogwaardig speelgoed - duurzaam, veilig en 100 % recyclebaar aan het einde van het speelleven.<\/p>\n<p class=\"font-claude-response-body break-words whitespace-normal leading-[1.7]\">Het idee erachter: Een ingenieur en vader wilden het hoogwaardige plastic afval uit de industrie niet zomaar weggooien. Zo ontstond Blubloxx - bouwstenen met een geschiedenis en een toekomst.<\/p>\n<p>[\/et_pb_text][\/et_pb_column][et_pb_column type=&#8220;1_2&#8243; _builder_version=&#8220;4.22.1&#8243; _module_preset=&#8220;default&#8220; global_colors_info=&#8220;{}&#8220;][et_pb_image src=&#8220;https:\/\/blubloxx.de\/wp-content\/uploads\/2025\/05\/8_blau_45__1_-removebg-preview.png&#8220; title_text=&#8220;8_blau_45__1_-removebg-preview&#8220; _builder_version=&#8220;4.27.4&#8243; _module_preset=&#8220;default&#8220; global_colors_info=&#8220;{}&#8220;][\/et_pb_image][\/et_pb_column][\/et_pb_row][et_pb_row _builder_version=&#8220;4.27.6&#8243; _module_preset=&#8220;default&#8220;][et_pb_column _builder_version=&#8220;4.27.6&#8243; _module_preset=&#8220;default&#8220; type=&#8220;4_4&#8243;][et_pb_text _builder_version=&#8220;4.27.6&#8243; _module_preset=&#8220;default&#8220; hover_enabled=&#8220;0&#8243; sticky_enabled=&#8220;0&#8243;]<\/p>\n<h2>Onze productpakketten<\/h2>\n<p>[\/et_pb_text][\/et_pb_column][\/et_pb_row][et_pb_row column_structure=&#8220;1_2,1_2&#8243; _builder_version=&#8220;4.27.6&#8243; _module_preset=&#8220;default&#8220; global_colors_info=&#8220;{}&#8220;][et_pb_column type=&#8220;1_2&#8243; _builder_version=&#8220;4.27.6&#8243; _module_preset=&#8220;default&#8220; global_colors_info=&#8220;{}&#8220;][et_pb_blurb title=&#8220;Blubloxx XL Spielbausteine \u2013 Pastell&#8220; url=&#8220;https:\/\/www.bausteinexl.de\/de\/blubloxx\/blubloxx-xl-spielbausteine-recycelbares-und-langlebiges-bauspielzeug.html&#8220; url_new_window=&#8220;on&#8220; image=&#8220;https:\/\/blubloxx.de\/wp-content\/uploads\/2026\/03\/IF_0244-5-3.jpg&#8220; _builder_version=&#8220;4.27.6&#8243; _module_preset=&#8220;default&#8220; hover_enabled=&#8220;0&#8243; global_colors_info=&#8220;{%22gcid-4a0b82aa-b82d-45ce-b6f8-1971f3aab781%22:%91%22background_color%22,%22border_color_all%22%93}&#8220; background_color=&#8220;gcid-4a0b82aa-b82d-45ce-b6f8-1971f3aab781&#8243; sticky_enabled=&#8220;0&#8243; border_width_all=&#8220;3px&#8220; border_color_all=&#8220;gcid-4a0b82aa-b82d-45ce-b6f8-1971f3aab781&#8243; border_radii=&#8220;on|19px|19px|19px|19px&#8220;]<\/p>\n<p>Grote bouwblokken voor kleine bouwers vanaf 3 jaar. Stimuleren creativiteit, concentratie en co\u00f6rdinatie. Getest en gecertificeerd volgens DIN EN 71.<\/p>\n<p>55 Blubloxx pastelblokken, waarvan:<\/p>\n<ul>\n<li>43 stukjes 30 x 15 cm<\/li>\n<li>10 stukken 15 x 15 cm<\/li>\n<li>2 afwerkstenen met een gladde bovenkant<\/li>\n<\/ul>\n<p>Natuurlijk getest volgens DIN EN 71<\/p>\n<p>Geschikt voor kinderen vanaf 3 jaar<\/p>\n<p>Gemaakt van 50% gerecycled plastic<\/p>\n<p>100% recyclebaar<\/p>\n<p>[\/et_pb_blurb][et_pb_button button_url=&#8220;https:\/\/www.bausteinexl.de\/de\/blubloxx\/blubloxx-xl-spielbausteine-recycelbares-und-langlebiges-bauspielzeug.html&#8220; url_new_window=&#8220;on&#8220; button_text=&#8220;Jetzt kaufen&#8220; button_alignment=&#8220;center&#8220; _builder_version=&#8220;4.27.6&#8243; _module_preset=&#8220;default&#8220; custom_button=&#8220;on&#8220; button_border_radius=&#8220;19px&#8220; global_colors_info=&#8220;{}&#8220;][\/et_pb_button][\/et_pb_column][et_pb_column type=&#8220;1_2&#8243; _builder_version=&#8220;4.27.6&#8243; _module_preset=&#8220;default&#8220; global_colors_info=&#8220;{}&#8220;][et_pb_blurb title=&#8220;Blubloxx Regalplatten-Set (4 Platten, je 90\u00d730 cm)&#8220; image=&#8220;https:\/\/blubloxx.de\/wp-content\/uploads\/2026\/03\/blubloxx-regale-set-mit-4-grosse-regale-von-90&#215;30-cm-e1773227061457.png&#8220; _builder_version=&#8220;4.27.6&#8243; _module_preset=&#8220;default&#8220; hover_enabled=&#8220;0&#8243; global_colors_info=&#8220;{%22gcid-4a0b82aa-b82d-45ce-b6f8-1971f3aab781%22:%91%22background_color%22,%22border_color_all%22%93}&#8220; background_color=&#8220;gcid-4a0b82aa-b82d-45ce-b6f8-1971f3aab781&#8243; sticky_enabled=&#8220;0&#8243; border_radii=&#8220;on|19px|19px|19px|19px&#8220; border_width_all=&#8220;3px&#8220; border_color_all=&#8220;gcid-4a0b82aa-b82d-45ce-b6f8-1971f3aab781&#8243;]<\/p>\n<p><span>Deze set van 4 plankplaten is speciaal ontworpen voor Blubloxx <strong>gemaakt van tot 100 % gerecycled materiaal<\/strong> plastic.<\/span><\/p>\n<p>4 borden:<\/p>\n<ul>\n<li>2 grijze exemplaren van 90 x 30 cm<\/li>\n<li>2 gele exemplaren van 90 x 30 cm<\/li>\n<\/ul>\n<p>Natuurlijk getest volgens DIN EN 71<\/p>\n<p>Geschikt voor kinderen vanaf 3 jaar<\/p>\n<p>De grijze planken zijn gemaakt van 100 % gerecycled plastic.<\/p>\n<p>De gele plankpanelen zijn 97% gemaakt van gerecycled plastic.<\/p>\n<p>100% recyclebaar<\/p>\n<p>[\/et_pb_blurb][et_pb_button button_url=&#8220;https:\/\/www.bausteinexl.de\/de\/blubloxx\/blubloxx-regale-set-mit-4-grosse-regale-von-90&#215;30-cm.html&#8220; url_new_window=&#8220;on&#8220; button_text=&#8220;Jetzt kaufen&#8220; button_alignment=&#8220;center&#8220; _builder_version=&#8220;4.27.6&#8243; _module_preset=&#8220;default&#8220; custom_button=&#8220;on&#8220; button_border_radius=&#8220;19px&#8220; global_colors_info=&#8220;{}&#8220;][\/et_pb_button][\/et_pb_column][\/et_pb_row][\/et_pb_section][et_pb_section fb_built=&#8220;1&#8243; _builder_version=&#8220;4.22.1&#8243; _module_preset=&#8220;default&#8220; custom_padding=&#8220;19px|||||&#8220; global_colors_info=&#8220;{}&#8220;][et_pb_row column_structure=&#8220;1_2,1_2&#8243; _builder_version=&#8220;4.22.1&#8243; _module_preset=&#8220;default&#8220; global_colors_info=&#8220;{}&#8220;][et_pb_column type=&#8220;1_2&#8243; _builder_version=&#8220;4.22.1&#8243; _module_preset=&#8220;default&#8220; global_colors_info=&#8220;{}&#8220;][et_pb_image src=&#8220;https:\/\/blubloxx.de\/wp-content\/uploads\/2025\/05\/IF_0526-1.jpg&#8220; title_text=&#8220;_IF_0526 (1)&#8220; _builder_version=&#8220;4.27.4&#8243; _module_preset=&#8220;default&#8220; global_colors_info=&#8220;{}&#8220;][\/et_pb_image][\/et_pb_column][et_pb_column type=&#8220;1_2&#8243; _builder_version=&#8220;4.22.1&#8243; _module_preset=&#8220;default&#8220; global_colors_info=&#8220;{}&#8220;][et_pb_text _builder_version=&#8220;4.22.1&#8243; _module_preset=&#8220;default&#8220; global_colors_info=&#8220;{}&#8220;]<\/p>\n<h1><span style=\"font-weight: 400;\">Voor kleine bouwers vanaf 3 jaar!<\/span><\/h1>\n<p><span style=\"font-weight: 400;\">Bouwen met Blubloxx is niet alleen ontzettend leuk, maar stimuleert ook spelenderwijs de motoriek, concentratie en co\u00f6rdinatie. De blokken zijn officieel geschikt vanaf 3 jaar, maar ook jongere kinderen kunnen er veilig mee spelen. Er zijn geen kleine onderdelen die ingeslikt kunnen worden, waardoor niets de fantasie en creativiteit in de weg staat.<\/span><\/p>\n<p>[\/et_pb_text][\/et_pb_column][\/et_pb_row][et_pb_row column_structure=\u201c1_2,1_2\u2033 _builder_version=\u201c4.22.1\u2033 _module_preset=\u201cdefault\u201c global_colors_info=\u201c{}\u201c][et_pb_column type=\u201c1_2\u201c _builder_version=\u201c4.22.1\u201c _module_preset=\u201cdefault\u201c global_colors_info=\u201c{}\u201c][et_pb_text _builder_version=\u201c4.22.1\u201c _module_preset=\u201cdefault\" global_colors_info=\"{}\"]<\/p>\n<h1><span style=\"font-weight: 400;\">Duurzaam, veilig en betrouwbaar \u2013 Blubloxx is getest en gecertificeerd.<\/span><\/h1>\n<p><span style=\"font-weight: 400;\">Blubloxx is uitvoerig getest en gecertificeerd. Onze bouwblokken worden gemaakt van gerecycled plastic, zijn volledig recyclebaar en klaar voor een tweede leven.\u00a0<\/span><\/p>\n<p><span style=\"font-weight: 400;\">We geloven niet in \"greenwashing\" met \"bioplastics\", De productie daarvan gaat vaak ten koste van landbouwgrond en voedselproductie en levert bovendien geen echte oplossing voor milieuvervuiling.<\/span><\/p>\n<p><span style=\"font-weight: 400;\">Voor ons betekent duurzaamheid w\u00e9l: producten van de hoogste kwaliteit, die ook na jarenlang gebruik nog steeds plezier en inspiratie bieden. En omdat kinderen de wereld met hun ogen, handen \u00e9n mond ontdekken, zijn onze blokken natuurlijk veilig. Daarom zijn ze gecertificeerd volgens DIN EN 71.\u00a0<\/span><\/p>\n<p>[\/et_pb_text][\/et_pb_column][et_pb_column type=\u201c1_2\u201c _builder_version=\u201c4.22.1\u201c _module_preset=\u201cdefault\u201c global_colors_info=\u201c{}\u201c][et_pb_image src=\u201chttps:\/\/blubloxx.de\/wp-content\/uploads\/2023\/09\/Bildschirmfoto-2023-09-27-um-19.2419.png\u201c title_text=\u201cScreenshot 2023-09-27 om 19.24.19\u201c _builder_version=\u201c4.22.1\u201c _module_preset=\"default\" global_colors_info=\"{}\"][\/et_pb_image][\/et_pb_column][\/et_pb_row][\/et_pb_section]<\/p>","protected":false},"excerpt":{"rendered":"<p>Nachhaltig spielen. Gro\u00df denken. Blubloxx. Blubloxx sind gro\u00dfformatige Spielbausteine aus 50 % recyceltem Industriekunststoff. Was fr\u00fcher als Produktionsabfall endete, wird bei uns zum hochwertigen Spielzeug \u2013 langlebig, sicher und am Ende des Spiellebens zu 100 % recycelbar. Die Idee dahinter: Ein Ingenieur und Vater wollte den hochwertigen Kunststoffverschnitt aus der Industrie nicht einfach wegwerfen. Daraus [&hellip;]<\/p>","protected":false},"author":3,"featured_media":0,"parent":0,"menu_order":3,"comment_status":"closed","ping_status":"closed","template":"","meta":{"_et_pb_use_builder":"on","_et_pb_old_content":"<!-- wp:divi\/placeholder \/-->","_et_gb_content_width":"","footnotes":""},"class_list":["post-13","page","type-page","status-publish","hentry"],"_links":{"self":[{"href":"https:\/\/blubloxx.de\/nl\/wp-json\/wp\/v2\/pages\/13","targetHints":{"allow":["GET"]}}],"collection":[{"href":"https:\/\/blubloxx.de\/nl\/wp-json\/wp\/v2\/pages"}],"about":[{"href":"https:\/\/blubloxx.de\/nl\/wp-json\/wp\/v2\/types\/page"}],"author":[{"embeddable":true,"href":"https:\/\/blubloxx.de\/nl\/wp-json\/wp\/v2\/users\/3"}],"replies":[{"embeddable":true,"href":"https:\/\/blubloxx.de\/nl\/wp-json\/wp\/v2\/comments?post=13"}],"version-history":[{"count":9,"href":"https:\/\/blubloxx.de\/nl\/wp-json\/wp\/v2\/pages\/13\/revisions"}],"predecessor-version":[{"id":10503,"href":"https:\/\/blubloxx.de\/nl\/wp-json\/wp\/v2\/pages\/13\/revisions\/10503"}],"wp:attachment":[{"href":"https:\/\/blubloxx.de\/nl\/wp-json\/wp\/v2\/media?parent=13"}],"curies":[{"name":"wp","href":"https:\/\/api.w.org\/{rel}","templated":true}]}}