{"id":2,"date":"2023-09-14T11:29:47","date_gmt":"2023-09-14T09:29:47","guid":{"rendered":"http:\/\/blubloxx.de\/?page_id=2"},"modified":"2026-03-17T11:53:55","modified_gmt":"2026-03-17T09:53:55","slug":"blubloxx-nachhaltige-spielbausteine-aus-recyceltem-kunststoff","status":"publish","type":"page","link":"https:\/\/blubloxx.de\/fr\/","title":{"rendered":"Accueil"},"content":{"rendered":"<p>[et_pb_section fb_built=\u201c1\u2033 admin_label=\u201cEn-t\u00eate\u201c _builder_version=\u201c4.27.4\u2033 _module_preset=\u201cdefault\u201c background_color=\u201c#FFFFFF\u201c collapsed=\u201con\u201c global_colors_info=\u201c{}\u201c][et_pb_row column_structure=\u201c1_2,1_2\u2033 make_equal=\u201con\u201c _builder_version=\u201c4.22.1\u2033 _module_preset=\u201cdefault\u201c global_colors_info=\u201c{}\u201c][et_pb_column type=\u201c1_2\u2033 _builder_version=\u201c4.22.1\u2033 _module_preset=\u201cdefault\u201c z_index=\u201c10\u2033 custom_padding=\u201c||||false|false\u201c custom_padding_tablet=\u201c0%||||false|false\u201c custom_padding_phone=\u201c0%||||false|false\u201c custom_padding_last_edited=\u201con|tablet\u201c global_colors_info=\u201c{}\u201c][et_pb_text _builder_version=\u201c4.22.1\u2033 _module_preset=\u201cc16985e1-e0d6-4022-964d-e2bfc04fa633\u2033 header_font=\u201c|700|||||||\u201c header_font_size=\u201c39px\u201c header_line_height=\u201c1.2em\u201c header_2_font_size=\u201c25px\u201c text_orientation=\u201ccenter\u201c custom_margin=\u201c||6px|||\u201c header_font_size_tablet=\u201c40px\u201c header_font_size_phone=\u201c24px\u201c header_font_size_last_edited=\u201con|desktop\u201c global_colors_info=\u201c{}\u201c]<\/p>\n<h1>La durabilit\u00e9 par le jeu.<\/h1>\n<p>[\/et_pb_text][et_pb_text _builder_version=\u201c4.27.6\u2033 _module_preset=\u201c1f09816e-184e-4ce5-a4cf-b39c52c423ca\u201c text_font=\u201cJost||||||||\u201c text_text_color=\u201crgba(0,0,0,0.58)\u201c text_font_size=\u201c20px\u201c text_line_height=\u201c1.6em\u201c header_2_text_align=\u201ccenter\u201c header_2_font_size=\u201c27px\u201c text_font_size_tablet=\u201c15px\u201c text_font_size_phone=\u201c14px\u201c text_font_size_last_edited=\u201con|phone\u201c header_font_size_tablet=\u201c55px\u201c header_font_size_last_edited=\u201coff|desktop\u201c global_colors_info=\u201c{}\u201c]<\/p>\n<p style=\"text-align: center;\">Blubloxx sont des blocs de jeu durables en 50 % de plastique recycl\u00e9 - ils stimulent la cr\u00e9ativit\u00e9, la concentration et la conscience \u00e9cologique. Disponible d\u00e8s maintenant chez notre distributeur.<\/p>\n<p>[\/et_pb_text][et_pb_button button_url=&#8220;https:\/\/www.bausteinexl.de\/de\/unsere-marken\/blubloxx\/&#8220; url_new_window=&#8220;on&#8220; button_text=&#8220;Zum Webshop&#8220; button_alignment=&#8220;center&#8220; _builder_version=&#8220;4.27.6&#8243; _module_preset=&#8220;31b4f027-aaa0-4f2f-ae02-959764e19e4f&#8220; custom_button=&#8220;on&#8220; button_text_color=&#8220;#FFFFFF&#8220; button_bg_color=&#8220;#217490&#8243; button_border_radius=&#8220;19px&#8220; custom_padding=&#8220;16px|24px|16px|24px|true|true&#8220; global_colors_info=&#8220;{}&#8220;][\/et_pb_button][et_pb_button button_url=&#8220;https:\/\/blubloxx.de\/unser-produkt\/&#8220; button_text=&#8220;\u00dcber Blubloxx&#8220; button_alignment=&#8220;center&#8220; _builder_version=&#8220;4.27.6&#8243; _module_preset=&#8220;31b4f027-aaa0-4f2f-ae02-959764e19e4f&#8220; custom_button=&#8220;on&#8220; button_border_radius=&#8220;19px&#8220; custom_padding=&#8220;16px|24px|16px|24px|true|true&#8220; global_colors_info=&#8220;{}&#8220;][\/et_pb_button][\/et_pb_column][et_pb_column type=&#8220;1_2&#8243; _builder_version=&#8220;4.17.4&#8243; _module_preset=&#8220;default&#8220; global_colors_info=&#8220;{}&#8220;][et_pb_image src=&#8220;https:\/\/blubloxx.de\/wp-content\/uploads\/2026\/03\/Insta-Feed-02.webp&#8220; alt=&#8220;Osterszene auf gr\u00fcnem Rasen: pastellfarbene Blubloxx (rosa) stehen und liegen neben kleinen bunten Ostereiern; im Hintergrund sind ein wei\u00dfes Hasenfig\u00fcrchen und gelbe Narzissen vor einer sonnigen, unscharfen Fr\u00fchlingslandschaft zu sehen.&#8220; title_text=&#8220;Ostern&#8220; align=&#8220;center&#8220; _builder_version=&#8220;4.27.6&#8243; _module_preset=&#8220;default&#8220; width=&#8220;76%&#8220; max_width_tablet=&#8220;&#8220; max_width_phone=&#8220;&#8220; max_width_last_edited=&#8220;on|tablet&#8220; global_colors_info=&#8220;{}&#8220;][\/et_pb_image][\/et_pb_column][\/et_pb_row][\/et_pb_section][et_pb_section fb_built=&#8220;1&#8243; _builder_version=&#8220;4.22.1&#8243; _module_preset=&#8220;default&#8220; global_colors_info=&#8220;{}&#8220;][et_pb_row _builder_version=&#8220;4.27.6&#8243; _module_preset=&#8220;default&#8220; global_colors_info=&#8220;{}&#8220;][et_pb_column type=&#8220;4_4&#8243; _builder_version=&#8220;4.27.6&#8243; _module_preset=&#8220;default&#8220; global_colors_info=&#8220;{}&#8220;][et_pb_text _builder_version=&#8220;4.27.6&#8243; _module_preset=&#8220;default&#8220; text_orientation=&#8220;center&#8220; global_colors_info=&#8220;{}&#8220;]<\/p>\n<h2>Durable et respectueux de l'environnement. En toute s\u00e9curit\u00e9. Fabriqu\u00e9 en Allemagne.<\/h2>\n<p>[\/et_pb_text][\/et_pb_column][\/et_pb_row][et_pb_row column_structure=&#8220;1_4,1_4,1_4,1_4&#8243; _builder_version=&#8220;4.27.6&#8243; _module_preset=&#8220;default&#8220; border_radii=&#8220;on|9px|9px|9px|9px&#8220; border_width_all=&#8220;1px&#8220; border_color_all=&#8220;RGBA(255,255,255,0)&#8220; border_style_all=&#8220;inset&#8220; global_colors_info=&#8220;{%22gcid-heading-color%22:%91%22box_shadow_color%22%93}&#8220;][et_pb_column type=&#8220;1_4&#8243; _builder_version=&#8220;4.22.1&#8243; _module_preset=&#8220;default&#8220; global_colors_info=&#8220;{}&#8220;][et_pb_blurb image=&#8220;https:\/\/blubloxx.de\/wp-content\/uploads\/2023\/09\/recycle-sign_861180.png&#8220; image_icon_width=&#8220;50%&#8220; _builder_version=&#8220;4.27.6&#8243; _module_preset=&#8220;default&#8220; header_font_size=&#8220;20px&#8220; body_font_size=&#8220;16px&#8220; animation=&#8220;off&#8220; global_colors_info=&#8220;{}&#8220;]<\/p>\n<p style=\"text-align: center;\"><span style=\"font-weight: 400;\">Blubloxx est compos\u00e9 \u00e0 50\u202f% de plastique recycl\u00e9.<\/span><\/p>\n<p>[\/et_pb_blurb][\/et_pb_column][et_pb_column type=&#8220;1_4&#8243; _builder_version=&#8220;4.22.1&#8243; _module_preset=&#8220;default&#8220; global_colors_info=&#8220;{}&#8220;][et_pb_blurb image=&#8220;https:\/\/blubloxx.de\/wp-content\/uploads\/2023\/09\/planet-earth_1598238-1.png&#8220; image_icon_width=&#8220;50%&#8220; _builder_version=&#8220;4.27.6&#8243; _module_preset=&#8220;default&#8220; body_font_size=&#8220;16px&#8220; animation=&#8220;off&#8220; global_colors_info=&#8220;{}&#8220;]<\/p>\n<p style=\"text-align: center;\"><span style=\"font-weight: 400;\">Les Blubloxx sont durables et 100\u202f% recyclables en fin de vie.<\/span><\/p>\n<p>[\/et_pb_blurb][\/et_pb_column][et_pb_column type=&#8220;1_4&#8243; _builder_version=&#8220;4.27.6&#8243; _module_preset=&#8220;default&#8220; global_colors_info=&#8220;{}&#8220;][et_pb_blurb image=&#8220;https:\/\/blubloxx.de\/wp-content\/uploads\/2023\/09\/iso_5261087-1.png&#8220; image_icon_width=&#8220;46%&#8220; _builder_version=&#8220;4.27.6&#8243; _module_preset=&#8220;default&#8220; body_font_size=&#8220;16px&#8220; animation=&#8220;off&#8220; global_colors_info=&#8220;{}&#8220;]<\/p>\n<p style=\"text-align: center;\"><span style=\"font-weight: 400;\">Qualit\u00e9 maximale \u2013 test\u00e9e et certifi\u00e9e selon la norme DIN EN 71.<\/span><\/p>\n<p>[\/et_pb_blurb][\/et_pb_column][et_pb_column type=&#8220;1_4&#8243; _builder_version=&#8220;4.22.1&#8243; _module_preset=&#8220;default&#8220; global_colors_info=&#8220;{}&#8220;][et_pb_blurb image=&#8220;https:\/\/blubloxx.de\/wp-content\/uploads\/2023\/09\/quality-control_3270331-1.png&#8220; image_icon_width=&#8220;46%&#8220; _builder_version=&#8220;4.27.6&#8243; _module_preset=&#8220;default&#8220; body_font_size=&#8220;16px&#8220; animation=&#8220;off&#8220; global_colors_info=&#8220;{}&#8220;]<\/p>\n<p style=\"text-align: center;\"><span style=\"font-weight: 400;\">Fabriqu\u00e9 en Allemagne \u2013 de mani\u00e8re \u00e9quitable, propre et \u00e9conome en \u00e9nergie.<\/span><\/p>\n<p>[\/et_pb_blurb][\/et_pb_column][\/et_pb_row][\/et_pb_section][et_pb_section fb_built=&#8220;1&#8243; _builder_version=&#8220;4.27.4&#8243; _module_preset=&#8220;default&#8220; background_color=&#8220;gcid-4a0b82aa-b82d-45ce-b6f8-1971f3aab781&#8243; global_colors_info=&#8220;{%22gcid-4a0b82aa-b82d-45ce-b6f8-1971f3aab781%22:%91%22background_color%22%93}&#8220;][et_pb_row column_structure=&#8220;2_5,3_5&#8243; _builder_version=&#8220;4.22.1&#8243; _module_preset=&#8220;default&#8220; global_colors_info=&#8220;{}&#8220;][et_pb_column type=&#8220;2_5&#8243; _builder_version=&#8220;4.22.1&#8243; _module_preset=&#8220;default&#8220; global_colors_info=&#8220;{}&#8220;][et_pb_image src=&#8220;https:\/\/blubloxx.de\/wp-content\/uploads\/2025\/05\/IF_0232-1.jpg&#8220; title_text=&#8220;_IF_0232 (1)&#8220; align=&#8220;center&#8220; _builder_version=&#8220;4.27.4&#8243; _module_preset=&#8220;default&#8220; global_colors_info=&#8220;{}&#8220;][\/et_pb_image][\/et_pb_column][et_pb_column type=&#8220;3_5&#8243; _builder_version=&#8220;4.22.1&#8243; _module_preset=&#8220;default&#8220; global_colors_info=&#8220;{}&#8220;][et_pb_text _builder_version=&#8220;4.22.1&#8243; _module_preset=&#8220;default&#8220; text_font_size=&#8220;16px&#8220; global_colors_info=&#8220;{}&#8220;]<\/p>\n<h2>Notre raison d\u2019\u00eatre<\/h2>\n<p>Nous transformons des d\u00e9chets plastiques en blocs de construction de haute qualit\u00e9 \u2013 pour encourager \u00e0 la fois la cr\u00e9ativit\u00e9 et la conscience \u00e9cologique. Nos fondateurs s\u2019engagent pour l\u2019innovation et la s\u00e9curit\u00e9. D\u00e9couvrez notre histoire et ce qui nous motive au quotidien.\u00a0<\/p>\n<p>[\/et_pb_text][et_pb_button button_url=\u201chttps:\/\/blubloxx.de\/ueber-uns\/\u201c button_text=\u201cEn savoir plus\u201c button_alignment=\u201ccenter\u201c _builder_version=\u201c4.22.1\u2033 _module_preset=\u201cdefault\u201c custom_button=\u201con\u201c button_border_radius=\u201c19px\u201c custom_padding=\u201c16px|24px|16px|24px|true|true\u201c global_colors_info=\u201c{}\u201c][\/et_pb_button][\/et_pb_column][\/et_pb_row][et_pb_row column_structure=\u201c3_5,2_5\u2033 _builder_version=\u201c4.22.1\u2033 _module_preset=\u201cdefault\u201c global_colors_info=\u201c{}\u201c][et_pb_column type=\u201c3_5\u2033 _builder_version=\u201c4.22.1\u2033 _module_preset=\u201cdefault\u201c global_colors_info=\u201c{}\u201c][et_pb_text _builder_version=\u201c4.22.1\u2033 _module_preset=\u201cdefault\u201c text_font_size=\u201c16px\u201c global_colors_info=\u201c{}\u201c]<\/p>\n<h2>Des jouets responsables pour construire demain<\/h2>\n<p>Jouer et construire avec Blubloxx d\u00e9veloppe la dext\u00e9rit\u00e9, la concentration et la coordination \u2013 \u00e0 partir de l\u2019\u00e2ge recommand\u00e9 de 3 ans. Les blocs de construction sont compos\u00e9s \u00e0 50\u202f% de plastique recycl\u00e9 et sont enti\u00e8rement recyclables. Pour nous, la durabilit\u00e9 et la qualit\u00e9 sont essentielles afin que les blocs puissent \u00eatre utilis\u00e9s pendant de nombreuses ann\u00e9es. Notre mat\u00e9riau est certifi\u00e9 conforme \u00e0 la norme DIN EN 71 et s\u00fbr pour les enfants. D\u00e9couvrez-en plus sur Blubloxx.<\/p>\n<p>[\/et_pb_text][et_pb_button button_url=\u201chttps:\/\/blubloxx.de\/unser-produkt\/\u201c button_text=\u201cVers le produit\u201c button_alignment=\u201ccenter\u201c _builder_version=\u201c4.22.1\u2033 _module_preset=\u201cdefault\u201c custom_button=\u201con\u201c button_border_radius=\u201c19px\u201c custom_padding=\u201c16px|24px|16px|24px|true|true\u201c global_colors_info=\u201c{}\u201c][\/et_pb_button][\/et_pb_column][et_pb_column type=\u201c2_5\u2033 _builder_version=\u201c4.22.1\u2033 _module_preset=\u201cdefault\u201c global_colors_info=\u201c{}\u201c][et_pb_image src=\u201chttps:\/\/blubloxx.de\/wp-content\/uploads\/2025\/05\/IF_0463-1.jpg\u201c title_text=\u201c_IF_0463 (1)\u201c _builder_version=\u201c4.27.4\u2033 _module_preset=\u201cdefault\u201c global_colors_info=\u201c{}\u201c][\/et_pb_image][\/et_pb_column][\/et_pb_row][\/et_pb_section]<\/p>","protected":false},"excerpt":{"rendered":"<p>Les Blubloxx sont des blocs de jeu durables fabriqu\u00e9s \u00e0 partir de 50 % de plastique recycl\u00e9 - ils stimulent la cr\u00e9ativit\u00e9, la concentration et la conscience \u00e9cologique. Disponibles d\u00e8s maintenant chez notre partenaire de distribution.durable. En toute s\u00e9curit\u00e9. Fabriqu\u00e9s en Allemagne.Les Blubloxx sont compos\u00e9s de 50% de plastique recycl\u00e9Les Blubloxx ont une longue dur\u00e9e de vie et sont ensuite recyclables \u00e0 100%La meilleure qualit\u00e9, test\u00e9e et certifi\u00e9e selon la norme DIN EN 71Fabriqu\u00e9s en Allemagne de mani\u00e8re \u00e9quitable, propre et \u00e9conome en \u00e9nergieNotre [...].<\/p>","protected":false},"author":3,"featured_media":0,"parent":0,"menu_order":1,"comment_status":"closed","ping_status":"closed","template":"","meta":{"_et_pb_use_builder":"on","_et_pb_old_content":"<!-- wp:paragraph -->\n<p>This is an example page. It's different from a blog post because it will stay in one place and will show up in your site navigation (in most themes). Most people start with an About page that introduces them to potential site visitors. It might say something like this:<\/p>\n<!-- \/wp:paragraph -->\n\n<!-- wp:quote -->\n<blockquote class=\"wp-block-quote\"><!-- wp:paragraph -->\n<p>Hi there! I'm a bike messenger by day, aspiring actor by night, and this is my website. I live in Los Angeles, have a great dog named Jack, and I like pi\u00f1a coladas. (And gettin' caught in the rain.)<\/p>\n<!-- \/wp:paragraph --><\/blockquote>\n<!-- \/wp:quote -->\n\n<!-- wp:paragraph -->\n<p>...or something like this:<\/p>\n<!-- \/wp:paragraph -->\n\n<!-- wp:quote -->\n<blockquote class=\"wp-block-quote\"><!-- wp:paragraph -->\n<p>The XYZ Doohickey Company was founded in 1971, and has been providing quality doohickeys to the public ever since. Located in Gotham City, XYZ employs over 2,000 people and does all kinds of awesome things for the Gotham community.<\/p>\n<!-- \/wp:paragraph --><\/blockquote>\n<!-- \/wp:quote -->\n\n<!-- wp:paragraph -->\n<p>As a new WordPress user, you should go to <a href=\"http:\/\/blubloxx.de\/wp-admin\/\">your dashboard<\/a> to delete this page and create new pages for your content. Have fun!<\/p>\n<!-- \/wp:paragraph -->","_et_gb_content_width":"","footnotes":""},"class_list":["post-2","page","type-page","status-publish","hentry"],"_links":{"self":[{"href":"https:\/\/blubloxx.de\/fr\/wp-json\/wp\/v2\/pages\/2","targetHints":{"allow":["GET"]}}],"collection":[{"href":"https:\/\/blubloxx.de\/fr\/wp-json\/wp\/v2\/pages"}],"about":[{"href":"https:\/\/blubloxx.de\/fr\/wp-json\/wp\/v2\/types\/page"}],"author":[{"embeddable":true,"href":"https:\/\/blubloxx.de\/fr\/wp-json\/wp\/v2\/users\/3"}],"replies":[{"embeddable":true,"href":"https:\/\/blubloxx.de\/fr\/wp-json\/wp\/v2\/comments?post=2"}],"version-history":[{"count":9,"href":"https:\/\/blubloxx.de\/fr\/wp-json\/wp\/v2\/pages\/2\/revisions"}],"predecessor-version":[{"id":10524,"href":"https:\/\/blubloxx.de\/fr\/wp-json\/wp\/v2\/pages\/2\/revisions\/10524"}],"wp:attachment":[{"href":"https:\/\/blubloxx.de\/fr\/wp-json\/wp\/v2\/media?parent=2"}],"curies":[{"name":"wp","href":"https:\/\/api.w.org\/{rel}","templated":true}]}}