{"id":13,"date":"2023-09-14T11:16:03","date_gmt":"2023-09-14T09:16:03","guid":{"rendered":"https:\/\/blubloxx.de\/?page_id=13"},"modified":"2026-03-11T13:45:47","modified_gmt":"2026-03-11T11:45:47","slug":"notre-produit","status":"publish","type":"page","link":"https:\/\/blubloxx.de\/fr\/notre-produit\/","title":{"rendered":"Notre produit"},"content":{"rendered":"<p>[et_pb_section fb_built=&#8220;1&#8243; admin_label=&#8220;Product&#8220; _builder_version=&#8220;4.17.6&#8243; _module_preset=&#8220;default&#8220; background_enable_image=&#8220;off&#8220; background_position=&#8220;top_center&#8220; overflow-x=&#8220;hidden&#8220; overflow-y=&#8220;hidden&#8220; custom_padding=&#8220;||5px|||&#8220; collapsed=&#8220;on&#8220; global_colors_info=&#8220;{}&#8220;][et_pb_row column_structure=&#8220;1_2,1_2&#8243; _builder_version=&#8220;4.22.1&#8243; _module_preset=&#8220;default&#8220; global_colors_info=&#8220;{}&#8220;][et_pb_column type=&#8220;1_2&#8243; _builder_version=&#8220;4.22.1&#8243; _module_preset=&#8220;default&#8220; global_colors_info=&#8220;{}&#8220;][et_pb_text _builder_version=&#8220;4.22.1&#8243; _module_preset=&#8220;default&#8220; global_colors_info=&#8220;{}&#8220;]<\/p>\n<h1>Jouer de mani\u00e8re durable. Penser en grand. Blubloxx.<\/h1>\n<p class=\"font-claude-response-body break-words whitespace-normal leading-[1.7]\">Les Blubloxx sont des blocs de jeu de grande taille fabriqu\u00e9s \u00e0 partir de 50 % de plastique industriel recycl\u00e9. Ce qui finissait autrefois comme d\u00e9chet de production devient chez nous un jouet de grande qualit\u00e9 - durable, s\u00fbr et recyclable \u00e0 100 % \u00e0 la fin de sa vie ludique.<\/p>\n<p class=\"font-claude-response-body break-words whitespace-normal leading-[1.7]\">L'id\u00e9e de d\u00e9part : Un ing\u00e9nieur et p\u00e8re de famille ne voulait pas simplement jeter les d\u00e9chets plastiques de haute qualit\u00e9 de l'industrie. C'est ainsi que sont n\u00e9s les Blubloxx, des blocs de construction qui ont une histoire et un avenir.<\/p>\n<p>[\/et_pb_text][\/et_pb_column][et_pb_column type=&#8220;1_2&#8243; _builder_version=&#8220;4.22.1&#8243; _module_preset=&#8220;default&#8220; global_colors_info=&#8220;{}&#8220;][et_pb_image src=&#8220;https:\/\/blubloxx.de\/wp-content\/uploads\/2025\/05\/8_blau_45__1_-removebg-preview.png&#8220; title_text=&#8220;8_blau_45__1_-removebg-preview&#8220; _builder_version=&#8220;4.27.4&#8243; _module_preset=&#8220;default&#8220; global_colors_info=&#8220;{}&#8220;][\/et_pb_image][\/et_pb_column][\/et_pb_row][et_pb_row _builder_version=&#8220;4.27.6&#8243; _module_preset=&#8220;default&#8220;][et_pb_column _builder_version=&#8220;4.27.6&#8243; _module_preset=&#8220;default&#8220; type=&#8220;4_4&#8243;][et_pb_text _builder_version=&#8220;4.27.6&#8243; _module_preset=&#8220;default&#8220; hover_enabled=&#8220;0&#8243; sticky_enabled=&#8220;0&#8243;]<\/p>\n<h2>Nos packs de produits<\/h2>\n<p>[\/et_pb_text][\/et_pb_column][\/et_pb_row][et_pb_row column_structure=&#8220;1_2,1_2&#8243; _builder_version=&#8220;4.27.6&#8243; _module_preset=&#8220;default&#8220; global_colors_info=&#8220;{}&#8220;][et_pb_column type=&#8220;1_2&#8243; _builder_version=&#8220;4.27.6&#8243; _module_preset=&#8220;default&#8220; global_colors_info=&#8220;{}&#8220;][et_pb_blurb title=&#8220;Blubloxx XL Spielbausteine \u2013 Pastell&#8220; url=&#8220;https:\/\/www.bausteinexl.de\/de\/blubloxx\/blubloxx-xl-spielbausteine-recycelbares-und-langlebiges-bauspielzeug.html&#8220; url_new_window=&#8220;on&#8220; image=&#8220;https:\/\/blubloxx.de\/wp-content\/uploads\/2026\/03\/IF_0244-5-3.jpg&#8220; _builder_version=&#8220;4.27.6&#8243; _module_preset=&#8220;default&#8220; hover_enabled=&#8220;0&#8243; global_colors_info=&#8220;{%22gcid-4a0b82aa-b82d-45ce-b6f8-1971f3aab781%22:%91%22background_color%22,%22border_color_all%22%93}&#8220; background_color=&#8220;gcid-4a0b82aa-b82d-45ce-b6f8-1971f3aab781&#8243; sticky_enabled=&#8220;0&#8243; border_width_all=&#8220;3px&#8220; border_color_all=&#8220;gcid-4a0b82aa-b82d-45ce-b6f8-1971f3aab781&#8243; border_radii=&#8220;on|19px|19px|19px|19px&#8220;]<\/p>\n<p>Briques grand format pour les petits constructeurs \u00e0 partir de 3 ans. Stimulent la cr\u00e9ativit\u00e9, la concentration et la coordination. Test\u00e9s et certifi\u00e9s selon la norme DIN EN 71.<\/p>\n<p>55 blocs de pastels Blubloxx, dont :<\/p>\n<ul>\n<li>43 pi\u00e8ces 30 x 15 cm<\/li>\n<li>10 pi\u00e8ces 15 x 15 cm<\/li>\n<li>2 pierres de finition avec une face sup\u00e9rieure lisse<\/li>\n<\/ul>\n<p>Naturellement test\u00e9 selon la norme DIN EN 71<\/p>\n<p>Convient aux enfants \u00e0 partir de 3 ans<\/p>\n<p>Fabriqu\u00e9 en plastique recycl\u00e9 50%<\/p>\n<p>100% recyclable<\/p>\n<p>[\/et_pb_blurb][et_pb_button button_url=&#8220;https:\/\/www.bausteinexl.de\/de\/blubloxx\/blubloxx-xl-spielbausteine-recycelbares-und-langlebiges-bauspielzeug.html&#8220; url_new_window=&#8220;on&#8220; button_text=&#8220;Jetzt kaufen&#8220; button_alignment=&#8220;center&#8220; _builder_version=&#8220;4.27.6&#8243; _module_preset=&#8220;default&#8220; custom_button=&#8220;on&#8220; button_border_radius=&#8220;19px&#8220; global_colors_info=&#8220;{}&#8220;][\/et_pb_button][\/et_pb_column][et_pb_column type=&#8220;1_2&#8243; _builder_version=&#8220;4.27.6&#8243; _module_preset=&#8220;default&#8220; global_colors_info=&#8220;{}&#8220;][et_pb_blurb title=&#8220;Blubloxx Regalplatten-Set (4 Platten, je 90\u00d730 cm)&#8220; image=&#8220;https:\/\/blubloxx.de\/wp-content\/uploads\/2026\/03\/blubloxx-regale-set-mit-4-grosse-regale-von-90&#215;30-cm-e1773227061457.png&#8220; _builder_version=&#8220;4.27.6&#8243; _module_preset=&#8220;default&#8220; hover_enabled=&#8220;0&#8243; global_colors_info=&#8220;{%22gcid-4a0b82aa-b82d-45ce-b6f8-1971f3aab781%22:%91%22background_color%22,%22border_color_all%22%93}&#8220; background_color=&#8220;gcid-4a0b82aa-b82d-45ce-b6f8-1971f3aab781&#8243; sticky_enabled=&#8220;0&#8243; border_radii=&#8220;on|19px|19px|19px|19px&#8220; border_width_all=&#8220;3px&#8220; border_color_all=&#8220;gcid-4a0b82aa-b82d-45ce-b6f8-1971f3aab781&#8243;]<\/p>\n<p><span>Ce set de 4 \u00e9tag\u00e8res est sp\u00e9cialement con\u00e7u pour Blubloxx <strong>jusqu'\u00e0 100 % recycl\u00e9s<\/strong> plastique.<\/span><\/p>\n<p>4 plaques de celui-ci :<\/p>\n<ul>\n<li>2 exemplaires gris de 90 x 30 cm<\/li>\n<li>2 exemplaires jaunes de 90 x 30 cm<\/li>\n<\/ul>\n<p>Naturellement test\u00e9 selon la norme DIN EN 71<\/p>\n<p>Convient aux enfants \u00e0 partir de 3 ans<\/p>\n<p>Les \u00e9tag\u00e8res grises sont compos\u00e9es \u00e0 100 % de plastique recycl\u00e9<\/p>\n<p>Les \u00e9tag\u00e8res jaunes 97% sont en plastique recycl\u00e9.<\/p>\n<p>100% recyclable<\/p>\n<p>[\/et_pb_blurb][et_pb_button button_url=&#8220;https:\/\/www.bausteinexl.de\/de\/blubloxx\/blubloxx-regale-set-mit-4-grosse-regale-von-90&#215;30-cm.html&#8220; url_new_window=&#8220;on&#8220; button_text=&#8220;Jetzt kaufen&#8220; button_alignment=&#8220;center&#8220; _builder_version=&#8220;4.27.6&#8243; _module_preset=&#8220;default&#8220; custom_button=&#8220;on&#8220; button_border_radius=&#8220;19px&#8220; global_colors_info=&#8220;{}&#8220;][\/et_pb_button][\/et_pb_column][\/et_pb_row][\/et_pb_section][et_pb_section fb_built=&#8220;1&#8243; _builder_version=&#8220;4.22.1&#8243; _module_preset=&#8220;default&#8220; custom_padding=&#8220;19px|||||&#8220; global_colors_info=&#8220;{}&#8220;][et_pb_row column_structure=&#8220;1_2,1_2&#8243; _builder_version=&#8220;4.22.1&#8243; _module_preset=&#8220;default&#8220; global_colors_info=&#8220;{}&#8220;][et_pb_column type=&#8220;1_2&#8243; _builder_version=&#8220;4.22.1&#8243; _module_preset=&#8220;default&#8220; global_colors_info=&#8220;{}&#8220;][et_pb_image src=&#8220;https:\/\/blubloxx.de\/wp-content\/uploads\/2025\/05\/IF_0526-1.jpg&#8220; title_text=&#8220;_IF_0526 (1)&#8220; _builder_version=&#8220;4.27.4&#8243; _module_preset=&#8220;default&#8220; global_colors_info=&#8220;{}&#8220;][\/et_pb_image][\/et_pb_column][et_pb_column type=&#8220;1_2&#8243; _builder_version=&#8220;4.22.1&#8243; _module_preset=&#8220;default&#8220; global_colors_info=&#8220;{}&#8220;][et_pb_text _builder_version=&#8220;4.22.1&#8243; _module_preset=&#8220;default&#8220; global_colors_info=&#8220;{}&#8220;]<\/p>\n<h1><span style=\"font-weight: 400;\">Pour les petits b\u00e2tisseurs d\u00e8s 3 ans !<\/span><\/h1>\n<p><span style=\"font-weight: 400;\">Jouer et construire avec Blubloxx, c\u2019est non seulement beaucoup de plaisir, mais cela d\u00e9veloppe aussi naturellement la motricit\u00e9, la concentration et la coordination. L\u2019\u00e2ge minimum recommand\u00e9 est de 3 ans, mais m\u00eame les plus petits peuvent en profiter en toute s\u00e9curit\u00e9 \u2013 aucun petit \u00e9l\u00e9ment pouvant \u00eatre aval\u00e9. La cr\u00e9ativit\u00e9 et l\u2019imagination peuvent ainsi s\u2019exprimer librement\u202f!<\/span><\/p>\n<p>[\/et_pb_text][\/et_pb_column][\/et_pb_row][et_pb_row column_structure=&#8220;1_2,1_2&#8243; _builder_version=&#8220;4.22.1&#8243; _module_preset=&#8220;default&#8220; global_colors_info=&#8220;{}&#8220;][et_pb_column type=&#8220;1_2&#8243; _builder_version=&#8220;4.22.1&#8243; _module_preset=&#8220;default&#8220; global_colors_info=&#8220;{}&#8220;][et_pb_text _builder_version=&#8220;4.22.1&#8243; _module_preset=&#8220;default&#8220; global_colors_info=&#8220;{}&#8220;]<\/p>\n<h1><span style=\"font-weight: 400;\">Qualit\u00e9, s\u00e9curit\u00e9 et durabilit\u00e9 : nos Blubloxx de construction sont test\u00e9s et certifi\u00e9s.<\/span><\/h1>\n<p><span style=\"font-weight: 400;\">Nos briques de jeu sont compos\u00e9es de plastique recycl\u00e9 \u00e0 50% et sont \u00e9galement recyclables \u00e0 100% !\u00a0<\/span><\/p>\n<p><span style=\"font-weight: 400;\">Nous ne faisons pas de \"greenwashing\" avec le \"bioplastique\", car la culture agricole de mati\u00e8res premi\u00e8res renouvelables ainsi que la production de bioplastique polluent naturellement l'environnement, r\u00e9duisent en outre la production alimentaire mondiale et ne sont pas non plus une solution contre la pollution de l'environnement.<\/span><\/p>\n<p><span style=\"font-weight: 400;\">Pour nous, la durabilit\u00e9 est \u00e9galement synonyme de qualit\u00e9 sup\u00e9rieure, afin que nos blocs de construction puissent \u00eatre utilis\u00e9s comme au premier jour, m\u00eame apr\u00e8s des ann\u00e9es. Et comme nos petits explorent le monde non seulement avec les yeux et les mains, mais aussi avec la bouche, notre mat\u00e9riel est bien entendu test\u00e9 et certifi\u00e9 selon la norme DIN EN 71, pr\u00e9cis\u00e9ment dans ce but.\u00a0<\/span><\/p>\n<p>[\/et_pb_text][\/et_pb_column][et_pb_column type=&#8220;1_2&#8243; _builder_version=&#8220;4.22.1&#8243; _module_preset=&#8220;default&#8220; global_colors_info=&#8220;{}&#8220;][et_pb_image src=&#8220;https:\/\/blubloxx.de\/wp-content\/uploads\/2023\/09\/Bildschirmfoto-2023-09-27-um-19.24.19.png&#8220; title_text=&#8220;Bildschirmfoto 2023-09-27 um 19.24.19&#8243; _builder_version=&#8220;4.22.1&#8243; _module_preset=&#8220;default&#8220; global_colors_info=&#8220;{}&#8220;][\/et_pb_image][\/et_pb_column][\/et_pb_row][\/et_pb_section]<\/p>","protected":false},"excerpt":{"rendered":"<p>Nachhaltig spielen. Gro\u00df denken. Blubloxx. Blubloxx sind gro\u00dfformatige Spielbausteine aus 50 % recyceltem Industriekunststoff. Was fr\u00fcher als Produktionsabfall endete, wird bei uns zum hochwertigen Spielzeug \u2013 langlebig, sicher und am Ende des Spiellebens zu 100 % recycelbar. Die Idee dahinter: Ein Ingenieur und Vater wollte den hochwertigen Kunststoffverschnitt aus der Industrie nicht einfach wegwerfen. Daraus [&hellip;]<\/p>","protected":false},"author":3,"featured_media":0,"parent":0,"menu_order":3,"comment_status":"closed","ping_status":"closed","template":"","meta":{"_et_pb_use_builder":"on","_et_pb_old_content":"<!-- wp:divi\/placeholder \/-->","_et_gb_content_width":"","footnotes":""},"class_list":["post-13","page","type-page","status-publish","hentry"],"_links":{"self":[{"href":"https:\/\/blubloxx.de\/fr\/wp-json\/wp\/v2\/pages\/13","targetHints":{"allow":["GET"]}}],"collection":[{"href":"https:\/\/blubloxx.de\/fr\/wp-json\/wp\/v2\/pages"}],"about":[{"href":"https:\/\/blubloxx.de\/fr\/wp-json\/wp\/v2\/types\/page"}],"author":[{"embeddable":true,"href":"https:\/\/blubloxx.de\/fr\/wp-json\/wp\/v2\/users\/3"}],"replies":[{"embeddable":true,"href":"https:\/\/blubloxx.de\/fr\/wp-json\/wp\/v2\/comments?post=13"}],"version-history":[{"count":9,"href":"https:\/\/blubloxx.de\/fr\/wp-json\/wp\/v2\/pages\/13\/revisions"}],"predecessor-version":[{"id":10503,"href":"https:\/\/blubloxx.de\/fr\/wp-json\/wp\/v2\/pages\/13\/revisions\/10503"}],"wp:attachment":[{"href":"https:\/\/blubloxx.de\/fr\/wp-json\/wp\/v2\/media?parent=13"}],"curies":[{"name":"wp","href":"https:\/\/api.w.org\/{rel}","templated":true}]}}