{"id":10465,"date":"2025-12-04T15:50:40","date_gmt":"2025-12-04T13:50:40","guid":{"rendered":"https:\/\/blubloxx.de\/?page_id=10465"},"modified":"2025-12-11T14:34:54","modified_gmt":"2025-12-11T12:34:54","slug":"mentions-legales","status":"publish","type":"page","link":"https:\/\/blubloxx.de\/fr\/mentions-legales\/","title":{"rendered":"Mentions l\u00e9gales"},"content":{"rendered":"<p><strong>Informations selon \u00a7 5 TMG&nbsp;<\/strong><\/p>\n\n\n\n<p>Blubloxx GmbH<br>31, rue de la Gare<br>07607 Eisenberg<\/p>\n\n\n\n<p>Registre du commerce : HRB 41289&nbsp;<br>Tribunal d'enregistrement : Tribunal d'instance de Leipzig<\/p>\n\n\n\n<p><strong>Repr\u00e9sent\u00e9 par :&nbsp;<\/strong><\/p>\n\n\n\n<p>Patrick Richter&nbsp;<\/p>\n\n\n\n<p><strong>Contact&nbsp;<\/strong><\/p>\n\n\n\n<p>T\u00e9l\u00e9phone : 0176 221 628 18&nbsp;<br>Courrier \u00e9lectronique : info@blubloxx.de<\/p>\n\n\n\n<p><strong>Num\u00e9ro d'identification de la taxe sur le chiffre d'affaires&nbsp;<\/strong><\/p>\n\n\n\n<p>Num\u00e9ro d'identification de la taxe sur le chiffre d'affaires conform\u00e9ment au \u00a7 27 a de la loi sur la taxe sur le chiffre d'affaires : DE359983723<\/p>\n\n\n\n<p><strong>R\u00e8glement des litiges de l'UE&nbsp;<\/strong><\/p>\n\n\n\n<p>La Commission europ\u00e9enne met \u00e0 disposition une plateforme de r\u00e8glement en ligne des litiges (RLL) : https:\/\/ec.europa.eu\/consumers\/odr\/. Vous trouverez notre adresse e-mail en haut de la page des mentions l\u00e9gales.&nbsp;<\/p>\n\n\n\n<p><strong>R\u00e8glement des litiges de consommation\/organe universel de conciliation&nbsp;<\/strong><\/p>\n\n\n\n<p>Nous ne sommes pas pr\u00eats ou oblig\u00e9s de participer \u00e0 des proc\u00e9dures de r\u00e8glement des litiges devant un organisme de conciliation des consommateurs.<\/p>","protected":false},"excerpt":{"rendered":"<p>Informations selon \u00a7 5 TMG Blubloxx GmbHBahnhofstra\u00dfe 3107607 Eisenberg Registre du commerce : HRB 41289 Tribunal d'enregistrement : Tribunal d'instance de Leipzig Repr\u00e9sent\u00e9 par :  Patrick Richter Contact T\u00e9l\u00e9phone : 0176 221 628 18 E-mail : info@blubloxx.de Num\u00e9ro de TVA intracommunautaire conform\u00e9ment au \u00a7 27 a de la loi sur la TVA : DE359983723 R\u00e8glement des litiges UE La Commission europ\u00e9enne met \u00e0 disposition une plateforme de r\u00e8glement des litiges en ligne (OS) : https:\/\/ec.europa.eu\/consumers\/odr\/. Vous trouverez notre adresse e-mail en haut dans les mentions l\u00e9gales.  R\u00e8glement des litiges de consommation\/organisme universel de conciliation Nous ne sommes pas [...].<\/p>","protected":false},"author":3,"featured_media":0,"parent":0,"menu_order":0,"comment_status":"closed","ping_status":"closed","template":"","meta":{"_et_pb_use_builder":"off","_et_pb_old_content":"","_et_gb_content_width":"1080","footnotes":""},"class_list":["post-10465","page","type-page","status-publish","hentry"],"_links":{"self":[{"href":"https:\/\/blubloxx.de\/fr\/wp-json\/wp\/v2\/pages\/10465","targetHints":{"allow":["GET"]}}],"collection":[{"href":"https:\/\/blubloxx.de\/fr\/wp-json\/wp\/v2\/pages"}],"about":[{"href":"https:\/\/blubloxx.de\/fr\/wp-json\/wp\/v2\/types\/page"}],"author":[{"embeddable":true,"href":"https:\/\/blubloxx.de\/fr\/wp-json\/wp\/v2\/users\/3"}],"replies":[{"embeddable":true,"href":"https:\/\/blubloxx.de\/fr\/wp-json\/wp\/v2\/comments?post=10465"}],"version-history":[{"count":2,"href":"https:\/\/blubloxx.de\/fr\/wp-json\/wp\/v2\/pages\/10465\/revisions"}],"predecessor-version":[{"id":10467,"href":"https:\/\/blubloxx.de\/fr\/wp-json\/wp\/v2\/pages\/10465\/revisions\/10467"}],"wp:attachment":[{"href":"https:\/\/blubloxx.de\/fr\/wp-json\/wp\/v2\/media?parent=10465"}],"curies":[{"name":"wp","href":"https:\/\/api.w.org\/{rel}","templated":true}]}}