{"id":10,"date":"2023-09-14T11:15:33","date_gmt":"2023-09-14T09:15:33","guid":{"rendered":"https:\/\/blubloxx.de\/?page_id=10"},"modified":"2025-05-28T19:13:28","modified_gmt":"2025-05-28T17:13:28","slug":"a-propos-de-nous","status":"publish","type":"page","link":"https:\/\/blubloxx.de\/fr\/a-propos-de-nous\/","title":{"rendered":"\u00c0 propos de nous"},"content":{"rendered":"<p>[et_pb_section fb_built=\u201c1\u2033 _builder_version=\u201c4.22.1\u2033 _module_preset=\u201cdefault\u201c custom_padding=\u201c||4px|||\u201c global_colors_info=\u201c{}\u201c][et_pb_row column_structure=\u201c2_5,3_5\u2033 _builder_version=\u201c4.22.1\u2033 _module_preset=\u201cdefault\u201c global_colors_info=\u201c{}\u201c][et_pb_column type=\u201c2_5\u2033 _builder_version=\u201c4.22.1\u2033 _module_preset=\u201cdefault\u201c global_colors_info=\u201c{}\u201c][et_pb_image src=\u201chttps:\/\/blubloxx.de\/wp-content\/uploads\/2025\/05\/IF_0270-1.jpg\u201c title_text=\u201c_IF_0270 (1)\u201c _builder_version=\u201c4.27.4\u2033 _module_preset=\u201cdefault\u201c module_alignment=\u201ccenter\u201c max_height=\u201c327px\u201c hover_enabled=\u201c0\u2033 global_colors_info=\u201c{}\u201c sticky_enabled=\u201c0\u2033][\/et_pb_image][\/et_pb_column][et_pb_column type=\u201c3_5\u2033 _builder_version=\u201c4.22.1\u2033 _module_preset=\u201cdefault\u201c global_colors_info=\u201c{}\u201c][et_pb_text _builder_version=\u201c4.22.1\u2033 _module_preset=\u201cdefault\u201c global_colors_info=\u201c{}\u201c]<\/p>\n<h1><span style=\"font-weight: 400;\">\u00c0 propos de nous<\/span><\/h1>\n<p><span style=\"font-weight: 400;\">Blubloxx, c\u2019est bien plus que des blocs. C\u2019est un projet porteur de sens \u2013 durable, cr\u00e9atif et responsable.<\/span><\/p>\n<p>[\/et_pb_text][\/et_pb_column][\/et_pb_row][\/et_pb_section][et_pb_section fb_built=\u201c1\u2033 _builder_version=\u201c4.22.1\u2033 _module_preset=\u201cdefault\u201c custom_padding=\u201c4px||3px||||\u201c global_colors_info=\u201c{}\u201c][et_pb_row column_structure=\u201c3_5,2_5\u2033 _builder_version=\u201c4.22.1\u2033 _module_preset=\u201cdefault\u201c custom_padding=\u201c||0px|||\u201c global_colors_info=\u201c{}\u201c][et_pb_column type=\u201c3_5\u2033 _builder_version=\u201c4.22.1\u2033 _module_preset=\u201cdefault\u201c global_colors_info=\u201c{}\u201c][et_pb_text _builder_version=\u201c4.22.1\u2033 _module_preset=\u201cdefault\u201c global_colors_info=\u201c{}\u201c]<\/p>\n<h1><span style=\"font-weight: 400;\">Notre histoire<\/span><\/h1>\n<p><span style=\"font-weight: 400;\">Blubloxx est n\u00e9 d\u2019une id\u00e9e simple mais puissante : transformer des d\u00e9chets plastiques industriels en quelque chose de vraiment utile.\nDerri\u00e8re cette vision se trouve un ing\u00e9nieur exp\u00e9riment\u00e9 et p\u00e8re de famille, qui a vu dans ces rebuts non pas des d\u00e9chets, mais un potentiel inexploit\u00e9.\n\nAujourd\u2019hui, les blocs Blubloxx sont compos\u00e9s \u00e0 50\u202f% de plastique recycl\u00e9, enti\u00e8rement recyclables, et certifi\u00e9s sans danger pour les enfants.\nChaque bloc invite les enfants \u00e0 imaginer, construire et apprendre \u2013 tout en participant \u00e0 un avenir plus durable.\n\nInnovation, responsabilit\u00e9 et qualit\u00e9 guident chacune de nos actions. Parce que le jeu, quand il est bien pens\u00e9, peut changer les choses.<\/span><\/p>\n<p>&nbsp;<\/p>\n<p>[\/et_pb_text][\/et_pb_column][et_pb_column type=\u201c2_5\u2033 _builder_version=\u201c4.22.1\u2033 _module_preset=\u201cdefault\u201c global_colors_info=\u201c{}\u201c][et_pb_image src=\u201chttps:\/\/blubloxx.de\/wp-content\/uploads\/2023\/09\/Bildschirmfoto-2023-09-22-um-09.22.30.png\u201c title_text=\u201cCapture d'\u00e9cran 2023-09-22 \u00e0 09.22.30\u2033 _builder_version=\u201c4.22.1\u2033 _module_preset=\u201cdefault\u201c global_colors_info=\u201c{}\u201c][\/et_pb_image][\/et_pb_column][\/et_pb_row][\/et_pb_section][et_pb_section fb_built=\u201c1\u2033 _builder_version=\u201c4.22.1\u2033 _module_preset=\u201cdefault\u201c custom_padding=\u201c4px|||||\u201c global_colors_info=\u201c{}\u201c][et_pb_row column_structure=\u201c2_5,3_5\u2033 _builder_version=\u201c4.22.1\u2033 _module_preset=\u201cdefault\u201c global_colors_info=\u201c{}\u201c][et_pb_column type=\u201c2_5\u2033 _builder_version=\u201c4.22.1\u2033 _module_preset=\u201cdefault\u201c global_colors_info=\u201c{}\u201c][et_pb_image src=\u201chttps:\/\/blubloxx.de\/wp-content\/uploads\/2025\/05\/IF_0457-1.jpg\u201c title_text=\u201c_IF_0457 (1)\u201c _builder_version=\u201c4.27.4\u2033 _module_preset=\u201cdefault\u201c hover_enabled=\u201c0\u2033 global_colors_info=\u201c{}\u201c sticky_enabled=\u201c0\u2033][\/et_pb_image][\/et_pb_column][et_pb_column type=\u201c3_5\u2033 _builder_version=\u201c4.22.1\u2033 _module_preset=\u201cdefault\u201c global_colors_info=\u201c{}\u201c][et_pb_text _builder_version=\u201c4.22.1\u2033 _module_preset=\u201cdefault\u201c global_colors_info=\u201c{}\u201c]<\/p>\n<h1><span style=\"font-weight: 400;\">Notre mission<\/span><\/h1>\n<p><span style=\"font-weight: 400;\">Notre mission : offrir aux enfants un jouet qui stimule la cr\u00e9ativit\u00e9, soutient le d\u00e9veloppement moteur et les sensibilise \u00e0 la valeur des ressources de notre plan\u00e8te.\nNous sommes fiers que nos produits apportent de la joie tout en ayant un impact positif sur la durabilit\u00e9.<\/span><\/p>\n<p><span style=\"font-weight: 400;\">Blubloxx, c\u2019est bien plus que des jouets. C\u2019est l\u2019avenir de nos enfants \u2013 et celui de notre plan\u00e8te.\nNous vous invitons \u00e0 faire partie de cette aventure et \u00e0 construire ensemble un monde meilleur pour les g\u00e9n\u00e9rations futures.<\/span><\/p>\n<p><span style=\"font-weight: 400;\">L'id\u00e9e consistait \u00e0 transformer ces pr\u00e9cieux d\u00e9chets plastiques en briques de jeu de grande qualit\u00e9 qui non seulement enthousiasmeraient les enfants, mais encourageraient \u00e9galement une forte conscience \u00e9cologique. Gr\u00e2ce \u00e0 ses comp\u00e9tences d'ing\u00e9nieur et \u00e0 son objectif de fabriquer des jouets pour enfants r\u00e9pondant aux normes de s\u00e9curit\u00e9 les plus strictes, il a concr\u00e9tis\u00e9 ce projet ambitieux.<\/span><\/p>\n<p><span style=\"font-weight: 400;\">Nos briques de jeu XXL en plastique recycl\u00e9 sont n\u00e9es. Non seulement elles sont s\u00fbres et durables avec des coins arrondis, mais elles contribuent aussi \u00e0 minimiser les d\u00e9chets plastiques gr\u00e2ce \u00e0 leurs coins. Nous croyons fermement que les enfants peuvent jouer non seulement en s'amusant, mais aussi en \u00e9tant responsables.<\/span><\/p>\n<p>[\/et_pb_text][\/et_pb_column][\/et_pb_row][\/et_pb_section][et_pb_section fb_built=\u201c1\u2033 admin_label=\u201cFeatures\u201c _builder_version=\u201c4.16\u2033 collapsed=\u201con\u201c global_colors_info=\u201c{}\u201c][et_pb_row _builder_version=\u201c4.16\u2033 global_colors_info=\u201c{}\u201c][et_pb_column type=\u201c4_4\u2033 _builder_version=\u201c4.16\u2033 global_colors_info=\u201c{}\u201c][et_pb_text _builder_version=\u201c4.22.1\u2033 header_2_font=\u201cAbel||||||||\u201c header_2_font_size=\u201c70px\u201c header_2_letter_spacing=\u201c3px\u201c header_2_line_height=\u201c1.2em\u201c text_orientation=\u201ccenter\u201c max_width=\u201c800px\u201c module_alignment=\u201ccenter\u201c header_2_font_size_tablet=\u201c38px\u201c header_2_font_size_phone=\u201c26px\u201c header_2_font_size_last_edited=\u201con|tablet\u201c header_2_letter_spacing_tablet=\u201c1px\u201c header_2_letter_spacing_phone=\u201c0px\u201c header_2_letter_spacing_last_edited=\u201con|desktop\u201c text_text_align=\u201ccenter\u201c locked=\u201coff\u201c global_colors_info=\u201c{}\u201c]<\/p>\n<h1>Ce que nous faisons<\/h1>\n<p>[\/et_pb_text][\/et_pb_column][\/et_pb_row][et_pb_row column_structure=\u201c1_3,1_3,1_3\u2033 _builder_version=\u201c4.22.1\u2033 global_colors_info=\u201c{}\u201c][et_pb_column type=\u201c1_3\u2033 _builder_version=\u201c4.22.1\u2033 global_colors_info=\u201c{}\u201c][et_pb_blurb title=\u201cD\u00e9veloppement durable &amp; environnement\u201c image=\u201chttps:\/\/blubloxx.fr\/wp-content\/uploads\/2023\/09\/triangular-arrows-sign-recycle_Farbe.png\u201c image_icon_width=\u201c44%\u201c _builder_version=\u201c4.22.1\u2033 header_font=\u201c||||||||\u201c header_font_size=\u201c20px\u201c header_line_height=\u201c1.4em\u201c body_font=\u201cAbel||||||||\u201c body_font_size=\u201c15px\u201c background_color=\u201c#ffffff\u201c background_color_gradient_direction=\u201c160deg\u201c text_orientation=\u201ccenter\u201c custom_padding=\u201c40px|20px|40px|20px|true|true\u201c link_option_url=\u201c#\u201c header_font_size_tablet=\u201c20px\u201c header_font_size_phone=\u201c17px\u201c header_font_size_last_edited=\u201con|phone\u201c body_line_height_tablet=\u201c\u201c body_line_height_phone=\u201c1.6em\u201c body_line_height_last_edited=\u201con|phone\u201c locked=\u201coff\u201c global_colors_info=\u201c{}\u201c transform_styles__hover_enabled=\u201con\u201c transform_scale__hover=\u201c106%|106%\u201c transform_scale__hover_enabled=\u201con\u201c transform_translate__hover_enabled=\u201con\u201c transform_rotate__hover_enabled=\u201con\u201c transform_skew__hover_enabled=\u201con\u201c transform_origin__hover_enabled=\u201con\u201c]<\/p>\n<p><span style=\"font-weight: 400;\">50% en mat\u00e9riau recycl\u00e9 et 100% recyclable<\/span>.<\/p>\n<p>[\/et_pb_blurb][\/et_pb_column][et_pb_column type=\u201c1_3\u2033 _builder_version=\u201c4.16\u2033 global_colors_info=\u201c{}\u201c][et_pb_blurb title=\u201cQualit\u00e9 &amp; S\u00e9curit\u00e9\u201c image=\u201chttps:\/\/blubloxx.fr\/wp-content\/uploads\/2023\/09\/310px-DIN-Logo.svg.png\u201c image_icon_width=\u201c56%\u201c _builder_version=\u201c4.22.1\u2033 header_font=\u201c||||||||\u201c header_font_size=\u201c20px\u201c header_line_height=\u201c1.4em\u201c body_font=\u201cAbel||||||||\u201c body_font_size=\u201c15px\u201c background_color=\u201c#ffffff\u201c background_color_gradient_direction=\u201c160deg\u201c text_orientation=\u201ccenter\u201c custom_padding=\u201c40px|20px|40px|20px|true|true\u201c link_option_url=\u201c#\u201c header_font_size_tablet=\u201c20px\u201c header_font_size_phone=\u201c17px\u201c header_font_size_last_edited=\u201con|phone\u201c body_line_height_tablet=\u201c\u201c body_line_height_phone=\u201c1.6em\u201c body_line_height_last_edited=\u201con|phone\u201c locked=\u201coff\u201c global_colors_info=\u201c{}\u201c transform_styles__hover_enabled=\u201con\u201c transform_scale__hover=\u201c106%|106%\u201c transform_scale__hover_enabled=\u201con\u201c transform_translate__hover_enabled=\u201con\u201c transform_rotate__hover_enabled=\u201con\u201c transform_skew__hover_enabled=\u201con\u201c transform_origin__hover_enabled=\u201con\u201c]<\/p>\n<p><span style=\"font-weight: 400;\">Test\u00e9 et certifi\u00e9 selon <\/span><span style=\"font-weight: 400;\">DIN EN 71.<\/span><\/p>\n<p><span style=\"font-weight: 400;\"><\/span><\/p>\n<p><span style=\"font-weight: 400;\"><\/span><\/p>\n<p>[\/et_pb_blurb][\/et_pb_column][et_pb_column type=\u201c1_3\u2033 _builder_version=\u201c4.16\u2033 global_colors_info=\u201c{}\u201c][et_pb_blurb title=\u201cLocal &amp; Fair\u201c image=\u201chttps:\/\/blubloxx.fr\/wp-content\/uploads\/2023\/09\/photo-\u00e9cran-2023-09-22-um-09.23.06.png\u201c image_icon_width=\u201c77%\u201c _builder_version=\u201c4.22.1\u2033 header_font=\u201c||||||||\u201c header_font_size=\u201c20px\u201c header_line_height=\u201c1.4em\u201c body_font=\u201cAbel||||||||\u201c body_font_size=\u201c15px\u201c background_color=\u201c#ffffff\u201c background_color_gradient_direction=\u201c160deg\u201c text_orientation=\u201ccenter\u201c custom_padding=\u201c40px|20px|40px|20px|true|true\u201c link_option_url=\u201c#\u201c header_font_size_tablet=\u201c20px\u201c header_font_size_phone=\u201c17px\u201c header_font_size_last_edited=\u201con|phone\u201c body_line_height_tablet=\u201c\u201c body_line_height_phone=\u201c1.6em\u201c body_line_height_last_edited=\u201con|phone\u201c locked=\u201coff\u201c global_colors_info=\u201c{}\u201c transform_styles__hover_enabled=\u201con\u201c transform_scale__hover=\u201c106%|106%\u201c transform_scale__hover_enabled=\u201con\u201c transform_translate__hover_enabled=\u201con\u201c transform_rotate__hover_enabled=\u201con\u201c transform_skew__hover_enabled=\u201con\u201c transform_origin__hover_enabled=\u201con\u201c]<\/p>\n<p><span style=\"font-weight: 400;\">Une production propre, s\u00fbre et \u00e9conome en \u00e9nergie.<\/span><\/p>\n<p>[\/et_pb_blurb][\/et_pb_column][\/et_pb_row][\/et_pb_section]<\/p>","protected":false},"excerpt":{"rendered":"<p>\u00c0 propos de nous Chez Blubloxx, nous sommes fiers de ne pas seulement fabriquer des jouets, mais aussi de concr\u00e9tiser une vision bas\u00e9e sur l'innovation, la durabilit\u00e9 et la s\u00e9curit\u00e9. Notre histoire a commenc\u00e9 avec un ing\u00e9nieur et p\u00e8re passionn\u00e9 qui a relev\u00e9 le d\u00e9fi de la d\u00e9coupe du plastique dans l'industrie.Notre fondateur Notre fondateur, un ing\u00e9nieur exp\u00e9riment\u00e9 et sp\u00e9cialiste des mati\u00e8res plastiques, a reconnu [...].<\/p>","protected":false},"author":3,"featured_media":0,"parent":0,"menu_order":2,"comment_status":"closed","ping_status":"closed","template":"","meta":{"_et_pb_use_builder":"on","_et_pb_old_content":"<!-- wp:divi\/placeholder \/-->","_et_gb_content_width":"","footnotes":""},"class_list":["post-10","page","type-page","status-publish","hentry"],"_links":{"self":[{"href":"https:\/\/blubloxx.de\/fr\/wp-json\/wp\/v2\/pages\/10","targetHints":{"allow":["GET"]}}],"collection":[{"href":"https:\/\/blubloxx.de\/fr\/wp-json\/wp\/v2\/pages"}],"about":[{"href":"https:\/\/blubloxx.de\/fr\/wp-json\/wp\/v2\/types\/page"}],"author":[{"embeddable":true,"href":"https:\/\/blubloxx.de\/fr\/wp-json\/wp\/v2\/users\/3"}],"replies":[{"embeddable":true,"href":"https:\/\/blubloxx.de\/fr\/wp-json\/wp\/v2\/comments?post=10"}],"version-history":[{"count":10,"href":"https:\/\/blubloxx.de\/fr\/wp-json\/wp\/v2\/pages\/10\/revisions"}],"predecessor-version":[{"id":10365,"href":"https:\/\/blubloxx.de\/fr\/wp-json\/wp\/v2\/pages\/10\/revisions\/10365"}],"wp:attachment":[{"href":"https:\/\/blubloxx.de\/fr\/wp-json\/wp\/v2\/media?parent=10"}],"curies":[{"name":"wp","href":"https:\/\/api.w.org\/{rel}","templated":true}]}}