{"id":2,"date":"2023-09-14T11:29:47","date_gmt":"2023-09-14T09:29:47","guid":{"rendered":"http:\/\/blubloxx.de\/?page_id=2"},"modified":"2026-03-17T11:53:55","modified_gmt":"2026-03-17T09:53:55","slug":"blubloxx-nachhaltige-spielbausteine-aus-recyceltem-kunststoff","status":"publish","type":"page","link":"https:\/\/blubloxx.de\/es\/","title":{"rendered":"Inicio"},"content":{"rendered":"<p>[et_pb_section fb_built=&#8220;1&#8243; admin_label=&#8220;Header&#8220; _builder_version=&#8220;4.27.4&#8243; _module_preset=&#8220;default&#8220; background_color=&#8220;#FFFFFF&#8220; collapsed=&#8220;on&#8220; global_colors_info=&#8220;{}&#8220;][et_pb_row column_structure=&#8220;1_2,1_2&#8243; make_equal=&#8220;on&#8220; _builder_version=&#8220;4.22.1&#8243; _module_preset=&#8220;default&#8220; global_colors_info=&#8220;{}&#8220;][et_pb_column type=&#8220;1_2&#8243; _builder_version=&#8220;4.22.1&#8243; _module_preset=&#8220;default&#8220; z_index=&#8220;10&#8243; custom_padding=&#8220;||||false|false&#8220; custom_padding_tablet=&#8220;0%||||false|false&#8220; custom_padding_phone=&#8220;0%||||false|false&#8220; custom_padding_last_edited=&#8220;on|tablet&#8220; global_colors_info=&#8220;{}&#8220;][et_pb_text _builder_version=&#8220;4.22.1&#8243; _module_preset=&#8220;c16985e1-e0d6-4022-964d-e2bfc04fa633&#8243; header_font=&#8220;|700|||||||&#8220; header_font_size=&#8220;39px&#8220; header_line_height=&#8220;1.2em&#8220; header_2_font_size=&#8220;25px&#8220; text_orientation=&#8220;center&#8220; custom_margin=&#8220;||6px|||&#8220; header_font_size_tablet=&#8220;40px&#8220; header_font_size_phone=&#8220;24px&#8220; header_font_size_last_edited=&#8220;on|desktop&#8220; global_colors_info=&#8220;{}&#8220;]<\/p>\n<h1>Jugando hacia la sostenibilidad.<\/h1>\n<p>[\/et_pb_text][et_pb_text _builder_version=&#8220;4.27.6&#8243; _module_preset=&#8220;1f09816e-184e-4ce5-a4cf-b39c52c423ca&#8220; text_font=&#8220;Jost||||||||&#8220; text_text_color=&#8220;rgba(0,0,0,0.58)&#8220; text_font_size=&#8220;20px&#8220; text_line_height=&#8220;1.6em&#8220; header_2_text_align=&#8220;center&#8220; header_2_font_size=&#8220;27px&#8220; text_font_size_tablet=&#8220;15px&#8220; text_font_size_phone=&#8220;14px&#8220; text_font_size_last_edited=&#8220;on|phone&#8220; header_font_size_tablet=&#8220;55px&#8220; header_font_size_last_edited=&#8220;off|desktop&#8220; global_colors_info=&#8220;{}&#8220;]<\/p>\n<p style=\"text-align: center;\">Blubloxx son bloques de construcci\u00f3n sostenibles fabricados con pl\u00e1stico reciclado 50 %: fomentan la creatividad, la concentraci\u00f3n y la conciencia medioambiental. Ya disponibles a trav\u00e9s de nuestro distribuidor.<\/p>\n<p>[\/et_pb_text][et_pb_button button_url=&#8220;https:\/\/www.bausteinexl.de\/de\/unsere-marken\/blubloxx\/&#8220; url_new_window=&#8220;on&#8220; button_text=&#8220;Zum Webshop&#8220; button_alignment=&#8220;center&#8220; _builder_version=&#8220;4.27.6&#8243; _module_preset=&#8220;31b4f027-aaa0-4f2f-ae02-959764e19e4f&#8220; custom_button=&#8220;on&#8220; button_text_color=&#8220;#FFFFFF&#8220; button_bg_color=&#8220;#217490&#8243; button_border_radius=&#8220;19px&#8220; custom_padding=&#8220;16px|24px|16px|24px|true|true&#8220; global_colors_info=&#8220;{}&#8220;][\/et_pb_button][et_pb_button button_url=&#8220;https:\/\/blubloxx.de\/unser-produkt\/&#8220; button_text=&#8220;\u00dcber Blubloxx&#8220; button_alignment=&#8220;center&#8220; _builder_version=&#8220;4.27.6&#8243; _module_preset=&#8220;31b4f027-aaa0-4f2f-ae02-959764e19e4f&#8220; custom_button=&#8220;on&#8220; button_border_radius=&#8220;19px&#8220; custom_padding=&#8220;16px|24px|16px|24px|true|true&#8220; global_colors_info=&#8220;{}&#8220;][\/et_pb_button][\/et_pb_column][et_pb_column type=&#8220;1_2&#8243; _builder_version=&#8220;4.17.4&#8243; _module_preset=&#8220;default&#8220; global_colors_info=&#8220;{}&#8220;][et_pb_image src=&#8220;https:\/\/blubloxx.de\/wp-content\/uploads\/2026\/03\/Insta-Feed-02.webp&#8220; alt=&#8220;Osterszene auf gr\u00fcnem Rasen: pastellfarbene Blubloxx (rosa) stehen und liegen neben kleinen bunten Ostereiern; im Hintergrund sind ein wei\u00dfes Hasenfig\u00fcrchen und gelbe Narzissen vor einer sonnigen, unscharfen Fr\u00fchlingslandschaft zu sehen.&#8220; title_text=&#8220;Ostern&#8220; align=&#8220;center&#8220; _builder_version=&#8220;4.27.6&#8243; _module_preset=&#8220;default&#8220; width=&#8220;76%&#8220; max_width_tablet=&#8220;&#8220; max_width_phone=&#8220;&#8220; max_width_last_edited=&#8220;on|tablet&#8220; global_colors_info=&#8220;{}&#8220;][\/et_pb_image][\/et_pb_column][\/et_pb_row][\/et_pb_section][et_pb_section fb_built=&#8220;1&#8243; _builder_version=&#8220;4.22.1&#8243; _module_preset=&#8220;default&#8220; global_colors_info=&#8220;{}&#8220;][et_pb_row _builder_version=&#8220;4.27.6&#8243; _module_preset=&#8220;default&#8220; global_colors_info=&#8220;{}&#8220;][et_pb_column type=&#8220;4_4&#8243; _builder_version=&#8220;4.27.6&#8243; _module_preset=&#8220;default&#8220; global_colors_info=&#8220;{}&#8220;][et_pb_text _builder_version=&#8220;4.27.6&#8243; _module_preset=&#8220;default&#8220; text_orientation=&#8220;center&#8220; global_colors_info=&#8220;{}&#8220;]<\/p>\n<h2>Sostenible. Seguro. Fabricado en Alemania.<\/h2>\n<p>[\/et_pb_text][\/et_pb_column][\/et_pb_row][et_pb_row column_structure=&#8220;1_4,1_4,1_4,1_4&#8243; _builder_version=&#8220;4.27.6&#8243; _module_preset=&#8220;default&#8220; border_radii=&#8220;on|9px|9px|9px|9px&#8220; border_width_all=&#8220;1px&#8220; border_color_all=&#8220;RGBA(255,255,255,0)&#8220; border_style_all=&#8220;inset&#8220; global_colors_info=&#8220;{%22gcid-heading-color%22:%91%22box_shadow_color%22%93}&#8220;][et_pb_column type=&#8220;1_4&#8243; _builder_version=&#8220;4.22.1&#8243; _module_preset=&#8220;default&#8220; global_colors_info=&#8220;{}&#8220;][et_pb_blurb image=&#8220;https:\/\/blubloxx.de\/wp-content\/uploads\/2023\/09\/recycle-sign_861180.png&#8220; image_icon_width=&#8220;50%&#8220; _builder_version=&#8220;4.27.6&#8243; _module_preset=&#8220;default&#8220; header_font_size=&#8220;20px&#8220; body_font_size=&#8220;16px&#8220; animation=&#8220;off&#8220; global_colors_info=&#8220;{}&#8220;]<\/p>\n<p style=\"text-align: center;\"><span style=\"font-weight: 400;\">Blubloxx consiste en 50% de pl\u00e1stico reciclado<\/span><\/p>\n<p>[\/et_pb_blurb][\/et_pb_column][et_pb_column type=&#8220;1_4&#8243; _builder_version=&#8220;4.22.1&#8243; _module_preset=&#8220;default&#8220; global_colors_info=&#8220;{}&#8220;][et_pb_blurb image=&#8220;https:\/\/blubloxx.de\/wp-content\/uploads\/2023\/09\/planet-earth_1598238-1.png&#8220; image_icon_width=&#8220;50%&#8220; _builder_version=&#8220;4.27.6&#8243; _module_preset=&#8220;default&#8220; body_font_size=&#8220;16px&#8220; animation=&#8220;off&#8220; global_colors_info=&#8220;{}&#8220;]<\/p>\n<p style=\"text-align: center;\"><span style=\"font-weight: 400;\">Los Blubloxx son duraderos y luego 100% reciclables<\/span><\/p>\n<p>[\/et_pb_blurb][\/et_pb_column][et_pb_column type=&#8220;1_4&#8243; _builder_version=&#8220;4.27.6&#8243; _module_preset=&#8220;default&#8220; global_colors_info=&#8220;{}&#8220;][et_pb_blurb image=&#8220;https:\/\/blubloxx.de\/wp-content\/uploads\/2023\/09\/iso_5261087-1.png&#8220; image_icon_width=&#8220;46%&#8220; _builder_version=&#8220;4.27.6&#8243; _module_preset=&#8220;default&#8220; body_font_size=&#8220;16px&#8220; animation=&#8220;off&#8220; global_colors_info=&#8220;{}&#8220;]<\/p>\n<p style=\"text-align: center;\"><span style=\"font-weight: 400;\">M\u00e1xima calidad, probada y certificada seg\u00fan DIN EN 71<\/span><\/p>\n<p>[\/et_pb_blurb][\/et_pb_column][et_pb_column type=&#8220;1_4&#8243; _builder_version=&#8220;4.22.1&#8243; _module_preset=&#8220;default&#8220; global_colors_info=&#8220;{}&#8220;][et_pb_blurb image=&#8220;https:\/\/blubloxx.de\/wp-content\/uploads\/2023\/09\/quality-control_3270331-1.png&#8220; image_icon_width=&#8220;46%&#8220; _builder_version=&#8220;4.27.6&#8243; _module_preset=&#8220;default&#8220; body_font_size=&#8220;16px&#8220; animation=&#8220;off&#8220; global_colors_info=&#8220;{}&#8220;]<\/p>\n<p style=\"text-align: center;\"><span style=\"font-weight: 400;\">Una producci\u00f3n justa, limpia y que ahorra energ\u00eda en Alemania<\/span><\/p>\n<p>[\/et_pb_blurb][\/et_pb_column][\/et_pb_row][\/et_pb_section][et_pb_section fb_built=&#8220;1&#8243; _builder_version=&#8220;4.27.4&#8243; _module_preset=&#8220;default&#8220; background_color=&#8220;gcid-4a0b82aa-b82d-45ce-b6f8-1971f3aab781&#8243; global_colors_info=&#8220;{%22gcid-4a0b82aa-b82d-45ce-b6f8-1971f3aab781%22:%91%22background_color%22%93}&#8220;][et_pb_row column_structure=&#8220;2_5,3_5&#8243; _builder_version=&#8220;4.22.1&#8243; _module_preset=&#8220;default&#8220; global_colors_info=&#8220;{}&#8220;][et_pb_column type=&#8220;2_5&#8243; _builder_version=&#8220;4.22.1&#8243; _module_preset=&#8220;default&#8220; global_colors_info=&#8220;{}&#8220;][et_pb_image src=&#8220;https:\/\/blubloxx.de\/wp-content\/uploads\/2025\/05\/IF_0232-1.jpg&#8220; title_text=&#8220;_IF_0232 (1)&#8220; align=&#8220;center&#8220; _builder_version=&#8220;4.27.4&#8243; _module_preset=&#8220;default&#8220; global_colors_info=&#8220;{}&#8220;][\/et_pb_image][\/et_pb_column][et_pb_column type=&#8220;3_5&#8243; _builder_version=&#8220;4.22.1&#8243; _module_preset=&#8220;default&#8220; global_colors_info=&#8220;{}&#8220;][et_pb_text _builder_version=&#8220;4.22.1&#8243; _module_preset=&#8220;default&#8220; text_font_size=&#8220;16px&#8220; global_colors_info=&#8220;{}&#8220;]<\/p>\n<h2>Nuestro impulso<\/h2>\n<p>Transformamos recortes de pl\u00e1stico en ladrillos de juguete de alta calidad y fomentamos la creatividad y la conciencia medioambiental. Nuestros fundadores est\u00e1n comprometidos con la innovaci\u00f3n y la seguridad. Descubra nuestra historia y conozca mejor nuestra motivaci\u00f3n.\u00a0<\/p>\n<p>[\/et_pb_text][et_pb_button button_url=&#8220;https:\/\/blubloxx.de\/ueber-uns\/&#8220; button_text=&#8220;Mehr erfahren&#8220; button_alignment=&#8220;center&#8220; _builder_version=&#8220;4.22.1&#8243; _module_preset=&#8220;default&#8220; custom_button=&#8220;on&#8220; button_border_radius=&#8220;19px&#8220; custom_padding=&#8220;16px|24px|16px|24px|true|true&#8220; global_colors_info=&#8220;{}&#8220;][\/et_pb_button][\/et_pb_column][\/et_pb_row][et_pb_row column_structure=&#8220;3_5,2_5&#8243; _builder_version=&#8220;4.22.1&#8243; _module_preset=&#8220;default&#8220; global_colors_info=&#8220;{}&#8220;][et_pb_column type=&#8220;3_5&#8243; _builder_version=&#8220;4.22.1&#8243; _module_preset=&#8220;default&#8220; global_colors_info=&#8220;{}&#8220;][et_pb_text _builder_version=&#8220;4.22.1&#8243; _module_preset=&#8220;default&#8220; text_font_size=&#8220;16px&#8220; global_colors_info=&#8220;{}&#8220;]<\/p>\n<h2>Juguetes sostenibles que dan forma al futuro<\/h2>\n<p>Jugar y construir con Blubloxx fomenta la destreza, la concentraci\u00f3n y la coordinaci\u00f3n, a partir de una edad m\u00ednima recomendada de 3 a\u00f1os. Los bloques de construcci\u00f3n est\u00e1n fabricados con pl\u00e1stico reciclado 50% y son totalmente reciclables. La sostenibilidad y la m\u00e1xima calidad son importantes para nosotros, para que los bloques de construcci\u00f3n puedan utilizarse durante muchos a\u00f1os. Nuestro material cuenta con la certificaci\u00f3n DIN EN 71 y es seguro para los ni\u00f1os. M\u00e1s informaci\u00f3n sobre Blubloxx.<\/p>\n<p>[\/et_pb_text][et_pb_button button_url=&#8220;https:\/\/blubloxx.de\/unser-produkt\/&#8220; button_text=&#8220;Zum Produkt&#8220; button_alignment=&#8220;center&#8220; _builder_version=&#8220;4.22.1&#8243; _module_preset=&#8220;default&#8220; custom_button=&#8220;on&#8220; button_border_radius=&#8220;19px&#8220; custom_padding=&#8220;16px|24px|16px|24px|true|true&#8220; global_colors_info=&#8220;{}&#8220;][\/et_pb_button][\/et_pb_column][et_pb_column type=&#8220;2_5&#8243; _builder_version=&#8220;4.22.1&#8243; _module_preset=&#8220;default&#8220; global_colors_info=&#8220;{}&#8220;][et_pb_image src=&#8220;https:\/\/blubloxx.de\/wp-content\/uploads\/2025\/05\/IF_0463-1.jpg&#8220; title_text=&#8220;_IF_0463 (1)&#8220; _builder_version=&#8220;4.27.4&#8243; _module_preset=&#8220;default&#8220; global_colors_info=&#8220;{}&#8220;][\/et_pb_image][\/et_pb_column][\/et_pb_row][\/et_pb_section]<\/p>","protected":false},"excerpt":{"rendered":"<p>Spielend zur Nachhaltigkeit.Blubloxx sind nachhaltige Spielbausteine aus 50 % recyceltem Kunststoff \u2013 sie f\u00f6rdern Kreativit\u00e4t, Konzentration und Umweltbewusstsein. Ab sofort bei unserem Vertriebspartner erh\u00e4ltlich.Nachhaltig. Sicher. Made in Germany.Blubloxx bestehen zu 50% aus recyceltem KunststoffBlubloxx sind langlebig und dann zu 100% recyclebarH\u00f6chste Qualit\u00e4t, gepr\u00fcft und zertifiziert nach DIN EN 71Fair, sauber und energieschonend in Deutschland produziertUnser [&hellip;]<\/p>","protected":false},"author":3,"featured_media":0,"parent":0,"menu_order":1,"comment_status":"closed","ping_status":"closed","template":"","meta":{"_et_pb_use_builder":"on","_et_pb_old_content":"<!-- wp:paragraph -->\n<p>This is an example page. It's different from a blog post because it will stay in one place and will show up in your site navigation (in most themes). Most people start with an About page that introduces them to potential site visitors. It might say something like this:<\/p>\n<!-- \/wp:paragraph -->\n\n<!-- wp:quote -->\n<blockquote class=\"wp-block-quote\"><!-- wp:paragraph -->\n<p>Hi there! I'm a bike messenger by day, aspiring actor by night, and this is my website. I live in Los Angeles, have a great dog named Jack, and I like pi\u00f1a coladas. (And gettin' caught in the rain.)<\/p>\n<!-- \/wp:paragraph --><\/blockquote>\n<!-- \/wp:quote -->\n\n<!-- wp:paragraph -->\n<p>...or something like this:<\/p>\n<!-- \/wp:paragraph -->\n\n<!-- wp:quote -->\n<blockquote class=\"wp-block-quote\"><!-- wp:paragraph -->\n<p>The XYZ Doohickey Company was founded in 1971, and has been providing quality doohickeys to the public ever since. Located in Gotham City, XYZ employs over 2,000 people and does all kinds of awesome things for the Gotham community.<\/p>\n<!-- \/wp:paragraph --><\/blockquote>\n<!-- \/wp:quote -->\n\n<!-- wp:paragraph -->\n<p>As a new WordPress user, you should go to <a href=\"http:\/\/blubloxx.de\/wp-admin\/\">your dashboard<\/a> to delete this page and create new pages for your content. Have fun!<\/p>\n<!-- \/wp:paragraph -->","_et_gb_content_width":"","footnotes":""},"class_list":["post-2","page","type-page","status-publish","hentry"],"_links":{"self":[{"href":"https:\/\/blubloxx.de\/es\/wp-json\/wp\/v2\/pages\/2","targetHints":{"allow":["GET"]}}],"collection":[{"href":"https:\/\/blubloxx.de\/es\/wp-json\/wp\/v2\/pages"}],"about":[{"href":"https:\/\/blubloxx.de\/es\/wp-json\/wp\/v2\/types\/page"}],"author":[{"embeddable":true,"href":"https:\/\/blubloxx.de\/es\/wp-json\/wp\/v2\/users\/3"}],"replies":[{"embeddable":true,"href":"https:\/\/blubloxx.de\/es\/wp-json\/wp\/v2\/comments?post=2"}],"version-history":[{"count":9,"href":"https:\/\/blubloxx.de\/es\/wp-json\/wp\/v2\/pages\/2\/revisions"}],"predecessor-version":[{"id":10524,"href":"https:\/\/blubloxx.de\/es\/wp-json\/wp\/v2\/pages\/2\/revisions\/10524"}],"wp:attachment":[{"href":"https:\/\/blubloxx.de\/es\/wp-json\/wp\/v2\/media?parent=2"}],"curies":[{"name":"wp","href":"https:\/\/api.w.org\/{rel}","templated":true}]}}