{"id":13,"date":"2023-09-14T11:16:03","date_gmt":"2023-09-14T09:16:03","guid":{"rendered":"https:\/\/blubloxx.de\/?page_id=13"},"modified":"2026-03-11T13:45:47","modified_gmt":"2026-03-11T11:45:47","slug":"nuestro-producto","status":"publish","type":"page","link":"https:\/\/blubloxx.de\/es\/nuestro-producto\/","title":{"rendered":"Nuestro producto"},"content":{"rendered":"<p>[et_pb_section fb_built=&#8220;1&#8243; admin_label=&#8220;Product&#8220; _builder_version=&#8220;4.17.6&#8243; _module_preset=&#8220;default&#8220; background_enable_image=&#8220;off&#8220; background_position=&#8220;top_center&#8220; overflow-x=&#8220;hidden&#8220; overflow-y=&#8220;hidden&#8220; custom_padding=&#8220;||5px|||&#8220; collapsed=&#8220;on&#8220; global_colors_info=&#8220;{}&#8220;][et_pb_row column_structure=&#8220;1_2,1_2&#8243; _builder_version=&#8220;4.22.1&#8243; _module_preset=&#8220;default&#8220; global_colors_info=&#8220;{}&#8220;][et_pb_column type=&#8220;1_2&#8243; _builder_version=&#8220;4.22.1&#8243; _module_preset=&#8220;default&#8220; global_colors_info=&#8220;{}&#8220;][et_pb_text _builder_version=&#8220;4.22.1&#8243; _module_preset=&#8220;default&#8220; global_colors_info=&#8220;{}&#8220;]<\/p>\n<h1>Juega de forma sostenible. Piensa a lo grande. Blubloxx.<\/h1>\n<p class=\"font-claude-response-body break-words whitespace-normal leading-[1.7]\">Blubloxx son bloques de juego de gran formato fabricados con pl\u00e1stico industrial reciclado 50 %. Lo que antes acababa como residuo de producci\u00f3n se convierte con nosotros en un juguete de alta calidad: duradero, seguro y 100 % reciclable al final de su vida \u00fatil.<\/p>\n<p class=\"font-claude-response-body break-words whitespace-normal leading-[1.7]\">La idea que hay detr\u00e1s: Un ingeniero y padre de familia no quer\u00eda limitarse a tirar los residuos pl\u00e1sticos de alta calidad de la industria. As\u00ed naci\u00f3 Blubloxx: bloques de construcci\u00f3n con historia y futuro.<\/p>\n<p>[\/et_pb_text][\/et_pb_column][et_pb_column type=&#8220;1_2&#8243; _builder_version=&#8220;4.22.1&#8243; _module_preset=&#8220;default&#8220; global_colors_info=&#8220;{}&#8220;][et_pb_image src=&#8220;https:\/\/blubloxx.de\/wp-content\/uploads\/2025\/05\/8_blau_45__1_-removebg-preview.png&#8220; title_text=&#8220;8_blau_45__1_-removebg-preview&#8220; _builder_version=&#8220;4.27.4&#8243; _module_preset=&#8220;default&#8220; global_colors_info=&#8220;{}&#8220;][\/et_pb_image][\/et_pb_column][\/et_pb_row][et_pb_row _builder_version=&#8220;4.27.6&#8243; _module_preset=&#8220;default&#8220;][et_pb_column _builder_version=&#8220;4.27.6&#8243; _module_preset=&#8220;default&#8220; type=&#8220;4_4&#8243;][et_pb_text _builder_version=&#8220;4.27.6&#8243; _module_preset=&#8220;default&#8220; hover_enabled=&#8220;0&#8243; sticky_enabled=&#8220;0&#8243;]<\/p>\n<h2>Nuestros paquetes de productos<\/h2>\n<p>[\/et_pb_text][\/et_pb_column][\/et_pb_row][et_pb_row column_structure=&#8220;1_2,1_2&#8243; _builder_version=&#8220;4.27.6&#8243; _module_preset=&#8220;default&#8220; global_colors_info=&#8220;{}&#8220;][et_pb_column type=&#8220;1_2&#8243; _builder_version=&#8220;4.27.6&#8243; _module_preset=&#8220;default&#8220; global_colors_info=&#8220;{}&#8220;][et_pb_blurb title=&#8220;Blubloxx XL Spielbausteine \u2013 Pastell&#8220; url=&#8220;https:\/\/www.bausteinexl.de\/de\/blubloxx\/blubloxx-xl-spielbausteine-recycelbares-und-langlebiges-bauspielzeug.html&#8220; url_new_window=&#8220;on&#8220; image=&#8220;https:\/\/blubloxx.de\/wp-content\/uploads\/2026\/03\/IF_0244-5-3.jpg&#8220; _builder_version=&#8220;4.27.6&#8243; _module_preset=&#8220;default&#8220; hover_enabled=&#8220;0&#8243; global_colors_info=&#8220;{%22gcid-4a0b82aa-b82d-45ce-b6f8-1971f3aab781%22:%91%22background_color%22,%22border_color_all%22%93}&#8220; background_color=&#8220;gcid-4a0b82aa-b82d-45ce-b6f8-1971f3aab781&#8243; sticky_enabled=&#8220;0&#8243; border_width_all=&#8220;3px&#8220; border_color_all=&#8220;gcid-4a0b82aa-b82d-45ce-b6f8-1971f3aab781&#8243; border_radii=&#8220;on|19px|19px|19px|19px&#8220;]<\/p>\n<p>Grandes bloques de construcci\u00f3n para peque\u00f1os constructores a partir de 3 a\u00f1os. Fomentan la creatividad, la concentraci\u00f3n y la coordinaci\u00f3n. Probados y certificados seg\u00fan la norma DIN EN 71.<\/p>\n<p>55 bloques de pastel Blubloxx, de los cuales:<\/p>\n<ul>\n<li>43 piezas 30 x 15 cm<\/li>\n<li>10 piezas 15 x 15 cm<\/li>\n<li>2 piedras de acabado con la parte superior lisa<\/li>\n<\/ul>\n<p>Probado de forma natural seg\u00fan la norma DIN EN 71<\/p>\n<p>Adecuado para ni\u00f1os a partir de 3 a\u00f1os<\/p>\n<p>Fabricado con pl\u00e1stico reciclado 50%<\/p>\n<p>100% reciclable<\/p>\n<p>[\/et_pb_blurb][et_pb_button button_url=&#8220;https:\/\/www.bausteinexl.de\/de\/blubloxx\/blubloxx-xl-spielbausteine-recycelbares-und-langlebiges-bauspielzeug.html&#8220; url_new_window=&#8220;on&#8220; button_text=&#8220;Jetzt kaufen&#8220; button_alignment=&#8220;center&#8220; _builder_version=&#8220;4.27.6&#8243; _module_preset=&#8220;default&#8220; custom_button=&#8220;on&#8220; button_border_radius=&#8220;19px&#8220; global_colors_info=&#8220;{}&#8220;][\/et_pb_button][\/et_pb_column][et_pb_column type=&#8220;1_2&#8243; _builder_version=&#8220;4.27.6&#8243; _module_preset=&#8220;default&#8220; global_colors_info=&#8220;{}&#8220;][et_pb_blurb title=&#8220;Blubloxx Regalplatten-Set (4 Platten, je 90\u00d730 cm)&#8220; image=&#8220;https:\/\/blubloxx.de\/wp-content\/uploads\/2026\/03\/blubloxx-regale-set-mit-4-grosse-regale-von-90&#215;30-cm-e1773227061457.png&#8220; _builder_version=&#8220;4.27.6&#8243; _module_preset=&#8220;default&#8220; hover_enabled=&#8220;0&#8243; global_colors_info=&#8220;{%22gcid-4a0b82aa-b82d-45ce-b6f8-1971f3aab781%22:%91%22background_color%22,%22border_color_all%22%93}&#8220; background_color=&#8220;gcid-4a0b82aa-b82d-45ce-b6f8-1971f3aab781&#8243; sticky_enabled=&#8220;0&#8243; border_radii=&#8220;on|19px|19px|19px|19px&#8220; border_width_all=&#8220;3px&#8220; border_color_all=&#8220;gcid-4a0b82aa-b82d-45ce-b6f8-1971f3aab781&#8243;]<\/p>\n<p><span>Este conjunto de 4 placas de estante est\u00e1 especialmente dise\u00f1ado para Blubloxx <strong>fabricado con hasta 100 % reciclados<\/strong> pl\u00e1stico.<\/span><\/p>\n<p>4 platos:<\/p>\n<ul>\n<li>2 copias grises de 90 x 30 cm<\/li>\n<li>2 copias amarillas de 90 x 30 cm<\/li>\n<\/ul>\n<p>Probado de forma natural seg\u00fan la norma DIN EN 71<\/p>\n<p>Adecuado para ni\u00f1os a partir de 3 a\u00f1os<\/p>\n<p>Los estantes grises son de pl\u00e1stico reciclado 100 %<\/p>\n<p>Los paneles amarillos de los estantes son 97% de pl\u00e1stico reciclado<\/p>\n<p>100% reciclable<\/p>\n<p>[\/et_pb_blurb][et_pb_button button_url=&#8220;https:\/\/www.bausteinexl.de\/de\/blubloxx\/blubloxx-regale-set-mit-4-grosse-regale-von-90&#215;30-cm.html&#8220; url_new_window=&#8220;on&#8220; button_text=&#8220;Jetzt kaufen&#8220; button_alignment=&#8220;center&#8220; _builder_version=&#8220;4.27.6&#8243; _module_preset=&#8220;default&#8220; custom_button=&#8220;on&#8220; button_border_radius=&#8220;19px&#8220; global_colors_info=&#8220;{}&#8220;][\/et_pb_button][\/et_pb_column][\/et_pb_row][\/et_pb_section][et_pb_section fb_built=&#8220;1&#8243; _builder_version=&#8220;4.22.1&#8243; _module_preset=&#8220;default&#8220; custom_padding=&#8220;19px|||||&#8220; global_colors_info=&#8220;{}&#8220;][et_pb_row column_structure=&#8220;1_2,1_2&#8243; _builder_version=&#8220;4.22.1&#8243; _module_preset=&#8220;default&#8220; global_colors_info=&#8220;{}&#8220;][et_pb_column type=&#8220;1_2&#8243; _builder_version=&#8220;4.22.1&#8243; _module_preset=&#8220;default&#8220; global_colors_info=&#8220;{}&#8220;][et_pb_image src=&#8220;https:\/\/blubloxx.de\/wp-content\/uploads\/2025\/05\/IF_0526-1.jpg&#8220; title_text=&#8220;_IF_0526 (1)&#8220; _builder_version=&#8220;4.27.4&#8243; _module_preset=&#8220;default&#8220; global_colors_info=&#8220;{}&#8220;][\/et_pb_image][\/et_pb_column][et_pb_column type=&#8220;1_2&#8243; _builder_version=&#8220;4.22.1&#8243; _module_preset=&#8220;default&#8220; global_colors_info=&#8220;{}&#8220;][et_pb_text _builder_version=&#8220;4.22.1&#8243; _module_preset=&#8220;default&#8220; global_colors_info=&#8220;{}&#8220;]<\/p>\n<h1><span style=\"font-weight: 400;\">Para peque\u00f1os constructores a partir de 3 a\u00f1os.<\/span><\/h1>\n<p><span style=\"font-weight: 400;\">Jugar y construir con Blubloxx no s\u00f3lo es muy divertido, sino que tambi\u00e9n fomenta la destreza, la concentraci\u00f3n y la coordinaci\u00f3n. La edad m\u00ednima recomendada oficialmente es de 3 a\u00f1os, aunque, por supuesto, no hay peligro para los constructores a\u00fan m\u00e1s j\u00f3venes (no hay piezas peque\u00f1as que puedan tragarse), para que nada se interponga en el camino de su imaginaci\u00f3n y creatividad innatas.<\/span><\/p>\n<p>[\/et_pb_text][\/et_pb_column][\/et_pb_row][et_pb_row column_structure=&#8220;1_2,1_2&#8243; _builder_version=&#8220;4.22.1&#8243; _module_preset=&#8220;default&#8220; global_colors_info=&#8220;{}&#8220;][et_pb_column type=&#8220;1_2&#8243; _builder_version=&#8220;4.22.1&#8243; _module_preset=&#8220;default&#8220; global_colors_info=&#8220;{}&#8220;][et_pb_text _builder_version=&#8220;4.22.1&#8243; _module_preset=&#8220;default&#8220; global_colors_info=&#8220;{}&#8220;]<\/p>\n<h1><span style=\"font-weight: 400;\">Calidad, seguridad y sostenibilidad: nuestros bloques de juego est\u00e1n probados y certificados.<\/span><\/h1>\n<p><span style=\"font-weight: 400;\">\u00a1Nuestros ladrillos de juguete est\u00e1n fabricados con pl\u00e1stico reciclado 50% y tambi\u00e9n son reciclables 100%!\u00a0<\/span><\/p>\n<p><span style=\"font-weight: 400;\">No hacemos \u201elavado verde\u201c con los \u201ebiopl\u00e1sticos\u201c, porque el cultivo agr\u00edcola de materias primas renovables y la producci\u00f3n de biopl\u00e1sticos contaminan naturalmente el medio ambiente, reducen la producci\u00f3n mundial de alimentos y no son una soluci\u00f3n a la contaminaci\u00f3n ambiental.<\/span><\/p>\n<p><span style=\"font-weight: 400;\">Para nosotros, sostenibilidad tambi\u00e9n significa la m\u00e1xima calidad, para que nuestros bloques de juego puedan seguir utiliz\u00e1ndose al cabo de los a\u00f1os como el primer d\u00eda. Y como a nuestros peque\u00f1os les gusta explorar el mundo no s\u00f3lo con los ojos y las manos, sino tambi\u00e9n con la boca, nuestro material est\u00e1, por supuesto, probado y certificado seg\u00fan la norma DIN EN 71.\u00a0<\/span><\/p>\n<p>[\/et_pb_text][\/et_pb_column][et_pb_column type=&#8220;1_2&#8243; _builder_version=&#8220;4.22.1&#8243; _module_preset=&#8220;default&#8220; global_colors_info=&#8220;{}&#8220;][et_pb_image src=&#8220;https:\/\/blubloxx.de\/wp-content\/uploads\/2023\/09\/Bildschirmfoto-2023-09-27-um-19.24.19.png&#8220; title_text=&#8220;Bildschirmfoto 2023-09-27 um 19.24.19&#8243; _builder_version=&#8220;4.22.1&#8243; _module_preset=&#8220;default&#8220; global_colors_info=&#8220;{}&#8220;][\/et_pb_image][\/et_pb_column][\/et_pb_row][\/et_pb_section]<\/p>","protected":false},"excerpt":{"rendered":"<p>Nachhaltig spielen. Gro\u00df denken. Blubloxx. Blubloxx sind gro\u00dfformatige Spielbausteine aus 50 % recyceltem Industriekunststoff. Was fr\u00fcher als Produktionsabfall endete, wird bei uns zum hochwertigen Spielzeug \u2013 langlebig, sicher und am Ende des Spiellebens zu 100 % recycelbar. Die Idee dahinter: Ein Ingenieur und Vater wollte den hochwertigen Kunststoffverschnitt aus der Industrie nicht einfach wegwerfen. Daraus [&hellip;]<\/p>","protected":false},"author":3,"featured_media":0,"parent":0,"menu_order":3,"comment_status":"closed","ping_status":"closed","template":"","meta":{"_et_pb_use_builder":"on","_et_pb_old_content":"<!-- wp:divi\/placeholder \/-->","_et_gb_content_width":"","footnotes":""},"class_list":["post-13","page","type-page","status-publish","hentry"],"_links":{"self":[{"href":"https:\/\/blubloxx.de\/es\/wp-json\/wp\/v2\/pages\/13","targetHints":{"allow":["GET"]}}],"collection":[{"href":"https:\/\/blubloxx.de\/es\/wp-json\/wp\/v2\/pages"}],"about":[{"href":"https:\/\/blubloxx.de\/es\/wp-json\/wp\/v2\/types\/page"}],"author":[{"embeddable":true,"href":"https:\/\/blubloxx.de\/es\/wp-json\/wp\/v2\/users\/3"}],"replies":[{"embeddable":true,"href":"https:\/\/blubloxx.de\/es\/wp-json\/wp\/v2\/comments?post=13"}],"version-history":[{"count":9,"href":"https:\/\/blubloxx.de\/es\/wp-json\/wp\/v2\/pages\/13\/revisions"}],"predecessor-version":[{"id":10503,"href":"https:\/\/blubloxx.de\/es\/wp-json\/wp\/v2\/pages\/13\/revisions\/10503"}],"wp:attachment":[{"href":"https:\/\/blubloxx.de\/es\/wp-json\/wp\/v2\/media?parent=13"}],"curies":[{"name":"wp","href":"https:\/\/api.w.org\/{rel}","templated":true}]}}