{"id":10465,"date":"2025-12-04T15:50:40","date_gmt":"2025-12-04T13:50:40","guid":{"rendered":"https:\/\/blubloxx.de\/?page_id=10465"},"modified":"2025-12-11T14:34:54","modified_gmt":"2025-12-11T12:34:54","slug":"imprimir","status":"publish","type":"page","link":"https:\/\/blubloxx.de\/es\/imprimir\/","title":{"rendered":"Pie de imprenta"},"content":{"rendered":"<p><strong>Informaci\u00f3n seg\u00fan \u00a7 5 TMG&nbsp;<\/strong><\/p>\n\n\n\n<p>Blubloxx GmbH<br>Bahnhofstrasse 31<br>07607 Eisenberg<\/p>\n\n\n\n<p>Registro mercantil: HRB 41289&nbsp;<br>Juzgado de registro: Juzgado de Primera Instancia de Leipzig<\/p>\n\n\n\n<p><strong>Representado por:&nbsp;<\/strong><\/p>\n\n\n\n<p>Patrick Richter&nbsp;<\/p>\n\n\n\n<p><strong>P\u00f3ngase en contacto con nosotros&nbsp;<\/strong><\/p>\n\n\n\n<p>Tel\u00e9fono: 0176 221 628 18&nbsp;<br>Correo electr\u00f3nico: info@blubloxx.de<\/p>\n\n\n\n<p><strong>N\u00famero de identificaci\u00f3n fiscal&nbsp;<\/strong><\/p>\n\n\n\n<p>N\u00famero de identificaci\u00f3n fiscal con arreglo al art\u00edculo 27 a de la Ley del impuesto sobre el volumen de negocios: DE359983723<\/p>\n\n\n\n<p><strong>Resoluci\u00f3n de litigios en la UE&nbsp;<\/strong><\/p>\n\n\n\n<p>La Comisi\u00f3n Europea ofrece una plataforma para la resoluci\u00f3n de litigios en l\u00ednea (OS): https:\/\/ec.europa.eu\/consumers\/odr\/. Encontrar\u00e1 nuestra direcci\u00f3n de correo electr\u00f3nico en el aviso legal anterior.&nbsp;<\/p>\n\n\n\n<p><strong>Resoluci\u00f3n de litigios de consumo\/centro de arbitraje universal&nbsp;<\/strong><\/p>\n\n\n\n<p>No estamos dispuestos ni obligados a participar en procedimientos de resoluci\u00f3n de litigios ante una junta arbitral de consumo.<\/p>","protected":false},"excerpt":{"rendered":"<p>Informaci\u00f3n seg\u00fan \u00a7 5 TMG Blubloxx GmbHBahnhofstra\u00dfe 3107607 Eisenberg Registro mercantil: HRB 41289 Tribunal de registro: Tribunal de distrito de Leipzig Representado por:  Patrick Richter Tel\u00e9fono de contacto: 0176 221 628 18 Correo electr\u00f3nico: info@blubloxx.de N\u00famero de identificaci\u00f3n fiscal N\u00famero de identificaci\u00f3n fiscal seg\u00fan \u00a7 27 a Umsatzsteuergesetz: DE359983723 Resoluci\u00f3n de litigios en la UE La Comisi\u00f3n Europea ofrece una plataforma para la resoluci\u00f3n de litigios en l\u00ednea (OS): https:\/\/ec.europa.eu\/consumers\/odr\/. Encontrar\u00e1 nuestra direcci\u00f3n de correo electr\u00f3nico en el aviso legal anterior.  Resoluci\u00f3n de litigios en materia de consumo\/Junta Arbitral Universal No somos [...]<\/p>","protected":false},"author":3,"featured_media":0,"parent":0,"menu_order":0,"comment_status":"closed","ping_status":"closed","template":"","meta":{"_et_pb_use_builder":"off","_et_pb_old_content":"","_et_gb_content_width":"1080","footnotes":""},"class_list":["post-10465","page","type-page","status-publish","hentry"],"_links":{"self":[{"href":"https:\/\/blubloxx.de\/es\/wp-json\/wp\/v2\/pages\/10465","targetHints":{"allow":["GET"]}}],"collection":[{"href":"https:\/\/blubloxx.de\/es\/wp-json\/wp\/v2\/pages"}],"about":[{"href":"https:\/\/blubloxx.de\/es\/wp-json\/wp\/v2\/types\/page"}],"author":[{"embeddable":true,"href":"https:\/\/blubloxx.de\/es\/wp-json\/wp\/v2\/users\/3"}],"replies":[{"embeddable":true,"href":"https:\/\/blubloxx.de\/es\/wp-json\/wp\/v2\/comments?post=10465"}],"version-history":[{"count":2,"href":"https:\/\/blubloxx.de\/es\/wp-json\/wp\/v2\/pages\/10465\/revisions"}],"predecessor-version":[{"id":10467,"href":"https:\/\/blubloxx.de\/es\/wp-json\/wp\/v2\/pages\/10465\/revisions\/10467"}],"wp:attachment":[{"href":"https:\/\/blubloxx.de\/es\/wp-json\/wp\/v2\/media?parent=10465"}],"curies":[{"name":"wp","href":"https:\/\/api.w.org\/{rel}","templated":true}]}}