{"id":10,"date":"2023-09-14T11:15:33","date_gmt":"2023-09-14T09:15:33","guid":{"rendered":"https:\/\/blubloxx.de\/?page_id=10"},"modified":"2025-05-28T19:13:28","modified_gmt":"2025-05-28T17:13:28","slug":"acerca-de-nosotros","status":"publish","type":"page","link":"https:\/\/blubloxx.de\/es\/acerca-de-nosotros\/","title":{"rendered":"Qui\u00e9nes somos"},"content":{"rendered":"<p>[et_pb_section fb_built=&#8220;1&#8243; _builder_version=&#8220;4.22.1&#8243; _module_preset=&#8220;default&#8220; custom_padding=&#8220;||4px|||&#8220; global_colors_info=&#8220;{}&#8220;][et_pb_row column_structure=&#8220;2_5,3_5&#8243; _builder_version=&#8220;4.22.1&#8243; _module_preset=&#8220;default&#8220; global_colors_info=&#8220;{}&#8220;][et_pb_column type=&#8220;2_5&#8243; _builder_version=&#8220;4.22.1&#8243; _module_preset=&#8220;default&#8220; global_colors_info=&#8220;{}&#8220;][et_pb_image src=&#8220;https:\/\/blubloxx.de\/wp-content\/uploads\/2025\/05\/IF_0270-1.jpg&#8220; title_text=&#8220;_IF_0270 (1)&#8220; _builder_version=&#8220;4.27.4&#8243; _module_preset=&#8220;default&#8220; module_alignment=&#8220;center&#8220; max_height=&#8220;327px&#8220; hover_enabled=&#8220;0&#8243; global_colors_info=&#8220;{}&#8220; sticky_enabled=&#8220;0&#8243;][\/et_pb_image][\/et_pb_column][et_pb_column type=&#8220;3_5&#8243; _builder_version=&#8220;4.22.1&#8243; _module_preset=&#8220;default&#8220; global_colors_info=&#8220;{}&#8220;][et_pb_text _builder_version=&#8220;4.22.1&#8243; _module_preset=&#8220;default&#8220; global_colors_info=&#8220;{}&#8220;]<\/p>\n<h1><span style=\"font-weight: 400;\">Qui\u00e9nes somos<\/span><\/h1>\n<p><span style=\"font-weight: 400;\">En Blubloxx, nos enorgullecemos no s\u00f3lo de fabricar juguetes, sino tambi\u00e9n de hacer realidad una visi\u00f3n basada en la innovaci\u00f3n, la sostenibilidad y la seguridad. Nuestra historia comenz\u00f3 con un ingeniero y padre apasionado que asumi\u00f3 el reto del moldeo de pl\u00e1stico en la industria.<\/span><\/p>\n<p>[\/et_pb_text][\/et_pb_column][\/et_pb_row][\/et_pb_section][et_pb_section fb_built=&#8220;1&#8243; _builder_version=&#8220;4.22.1&#8243; _module_preset=&#8220;default&#8220; custom_padding=&#8220;4px||3px|||&#8220; global_colors_info=&#8220;{}&#8220;][et_pb_row column_structure=&#8220;3_5,2_5&#8243; _builder_version=&#8220;4.22.1&#8243; _module_preset=&#8220;default&#8220; custom_padding=&#8220;||0px|||&#8220; global_colors_info=&#8220;{}&#8220;][et_pb_column type=&#8220;3_5&#8243; _builder_version=&#8220;4.22.1&#8243; _module_preset=&#8220;default&#8220; global_colors_info=&#8220;{}&#8220;][et_pb_text _builder_version=&#8220;4.22.1&#8243; _module_preset=&#8220;default&#8220; global_colors_info=&#8220;{}&#8220;]<\/p>\n<h1><span style=\"font-weight: 400;\">Nuestro fundador<\/span><\/h1>\n<p><span style=\"font-weight: 400;\">Nuestro fundador, ingeniero experimentado y especialista en pl\u00e1sticos, se dio cuenta de la inmensa cantidad de residuos pl\u00e1sticos de alta calidad que se produc\u00edan en la fabricaci\u00f3n de productos m\u00e9dicos, por ejemplo. Estos recortes no pod\u00edan reutilizarse con fines m\u00e9dicos y, de otro modo, se habr\u00edan eliminado como residuos. Esto le llev\u00f3 a tener una idea visionaria.<\/span><\/p>\n<p>&nbsp;<\/p>\n<p>[\/et_pb_text][\/et_pb_column][et_pb_column type=&#8220;2_5&#8243; _builder_version=&#8220;4.22.1&#8243; _module_preset=&#8220;default&#8220; global_colors_info=&#8220;{}&#8220;][et_pb_image src=&#8220;https:\/\/blubloxx.de\/wp-content\/uploads\/2023\/09\/Bildschirmfoto-2023-09-22-um-09.22.30.png&#8220; title_text=&#8220;Bildschirmfoto 2023-09-22 um 09.22.30&#8243; _builder_version=&#8220;4.22.1&#8243; _module_preset=&#8220;default&#8220; global_colors_info=&#8220;{}&#8220;][\/et_pb_image][\/et_pb_column][\/et_pb_row][\/et_pb_section][et_pb_section fb_built=&#8220;1&#8243; _builder_version=&#8220;4.22.1&#8243; _module_preset=&#8220;default&#8220; custom_padding=&#8220;4px|||||&#8220; global_colors_info=&#8220;{}&#8220;][et_pb_row column_structure=&#8220;2_5,3_5&#8243; _builder_version=&#8220;4.22.1&#8243; _module_preset=&#8220;default&#8220; global_colors_info=&#8220;{}&#8220;][et_pb_column type=&#8220;2_5&#8243; _builder_version=&#8220;4.22.1&#8243; _module_preset=&#8220;default&#8220; global_colors_info=&#8220;{}&#8220;][et_pb_image src=&#8220;https:\/\/blubloxx.de\/wp-content\/uploads\/2025\/05\/IF_0457-1.jpg&#8220; title_text=&#8220;_IF_0457 (1)&#8220; _builder_version=&#8220;4.27.4&#8243; _module_preset=&#8220;default&#8220; hover_enabled=&#8220;0&#8243; global_colors_info=&#8220;{}&#8220; sticky_enabled=&#8220;0&#8243;][\/et_pb_image][\/et_pb_column][et_pb_column type=&#8220;3_5&#8243; _builder_version=&#8220;4.22.1&#8243; _module_preset=&#8220;default&#8220; global_colors_info=&#8220;{}&#8220;][et_pb_text _builder_version=&#8220;4.22.1&#8243; _module_preset=&#8220;default&#8220; global_colors_info=&#8220;{}&#8220;]<\/p>\n<h1><span style=\"font-weight: 400;\">Nuestra misi\u00f3n<\/span><\/h1>\n<p><span style=\"font-weight: 400;\">Nuestra misi\u00f3n es proporcionar a los ni\u00f1os juguetes que desarrollen su creatividad y sus habilidades motrices, ense\u00f1\u00e1ndoles al mismo tiempo a proteger los recursos de la Tierra. Estamos orgullosos de que nuestros productos no solo aporten alegr\u00eda, sino que tambi\u00e9n contribuyan a la sostenibilidad.<\/span><\/p>\n<p><span style=\"font-weight: 400;\">Blubloxx no son s\u00f3lo juguetes. Se trata del futuro de nuestros ni\u00f1os y de nuestro medio ambiente. Te invitamos a formar parte de nuestro viaje y a unirte a nosotros para hacer del mundo un lugar mejor para las generaciones futuras.<\/span><\/p>\n<p><span style=\"font-weight: 400;\">La idea era transformar estos valiosos residuos pl\u00e1sticos en bloques de construcci\u00f3n de alta calidad que no s\u00f3lo inspiraran a los ni\u00f1os, sino que tambi\u00e9n promovieran una fuerte conciencia medioambiental. Con sus conocimientos de ingenier\u00eda y el objetivo de fabricar juguetes infantiles que cumplieran las normas de seguridad m\u00e1s estrictas, hizo realidad este ambicioso proyecto.<\/span><\/p>\n<p><span style=\"font-weight: 400;\">As\u00ed nacieron nuestros bloques de juego XXL fabricados con pl\u00e1stico reciclado. No s\u00f3lo son seguros y duraderos, con esquinas redondeadas, sino que tambi\u00e9n contribuyen a minimizar los residuos de pl\u00e1stico. Creemos firmemente que los ni\u00f1os pueden jugar no solo divirti\u00e9ndose, sino tambi\u00e9n con sentido de la responsabilidad.<\/span><\/p>\n<p>[\/et_pb_text][\/et_pb_column][\/et_pb_row][\/et_pb_section][et_pb_section fb_built=&#8220;1&#8243; admin_label=&#8220;Features&#8220; _builder_version=&#8220;4.16&#8243; collapsed=&#8220;on&#8220; global_colors_info=&#8220;{}&#8220;][et_pb_row _builder_version=&#8220;4.16&#8243; global_colors_info=&#8220;{}&#8220;][et_pb_column type=&#8220;4_4&#8243; _builder_version=&#8220;4.16&#8243; global_colors_info=&#8220;{}&#8220;][et_pb_text _builder_version=&#8220;4.22.1&#8243; header_2_font=&#8220;Abel||||||||&#8220; header_2_font_size=&#8220;70px&#8220; header_2_letter_spacing=&#8220;3px&#8220; header_2_line_height=&#8220;1.2em&#8220; text_orientation=&#8220;center&#8220; max_width=&#8220;800px&#8220; module_alignment=&#8220;center&#8220; header_2_font_size_tablet=&#8220;38px&#8220; header_2_font_size_phone=&#8220;26px&#8220; header_2_font_size_last_edited=&#8220;on|tablet&#8220; header_2_letter_spacing_tablet=&#8220;1px&#8220; header_2_letter_spacing_phone=&#8220;0px&#8220; header_2_letter_spacing_last_edited=&#8220;on|desktop&#8220; text_text_align=&#8220;center&#8220; locked=&#8220;off&#8220; global_colors_info=&#8220;{}&#8220;]<\/p>\n<h1>Qu\u00e9 hacemos<\/h1>\n<p>[\/et_pb_text][\/et_pb_column][\/et_pb_row][et_pb_row column_structure=&#8220;1_3,1_3,1_3&#8243; _builder_version=&#8220;4.22.1&#8243; global_colors_info=&#8220;{}&#8220;][et_pb_column type=&#8220;1_3&#8243; _builder_version=&#8220;4.22.1&#8243; global_colors_info=&#8220;{}&#8220;][et_pb_blurb title=&#8220;Nachhaltigkeit &#038; Umwelt&#8220; image=&#8220;https:\/\/blubloxx.de\/wp-content\/uploads\/2023\/09\/triangular-arrows-sign-recycle_Farbe.png&#8220; image_icon_width=&#8220;44%&#8220; _builder_version=&#8220;4.22.1&#8243; header_font=&#8220;||||||||&#8220; header_font_size=&#8220;20px&#8220; header_line_height=&#8220;1.4em&#8220; body_font=&#8220;Abel||||||||&#8220; body_font_size=&#8220;15px&#8220; background_color=&#8220;#ffffff&#8220; background_color_gradient_direction=&#8220;160deg&#8220; text_orientation=&#8220;center&#8220; custom_padding=&#8220;40px|20px|40px|20px|true|true&#8220; link_option_url=&#8220;#&#8220; header_font_size_tablet=&#8220;20px&#8220; header_font_size_phone=&#8220;17px&#8220; header_font_size_last_edited=&#8220;on|phone&#8220; body_line_height_tablet=&#8220;&#8220; body_line_height_phone=&#8220;1.6em&#8220; body_line_height_last_edited=&#8220;on|phone&#8220; locked=&#8220;off&#8220; global_colors_info=&#8220;{}&#8220; transform_styles__hover_enabled=&#8220;on&#8220; transform_scale__hover=&#8220;106%|106%&#8220; transform_scale__hover_enabled=&#8220;on&#8220; transform_translate__hover_enabled=&#8220;on&#8220; transform_rotate__hover_enabled=&#8220;on&#8220; transform_skew__hover_enabled=&#8220;on&#8220; transform_origin__hover_enabled=&#8220;on&#8220;]<\/p>\n<p><span style=\"font-weight: 400;\">Fabricado con material reciclado 50% y reciclable 100%<\/span>.<\/p>\n<p>[\/et_pb_blurb][\/et_pb_column][et_pb_column type=&#8220;1_3&#8243; _builder_version=&#8220;4.16&#8243; global_colors_info=&#8220;{}&#8220;][et_pb_blurb title=&#8220;Qualit\u00e4t &#038; Sicherheit&#8220; image=&#8220;https:\/\/blubloxx.de\/wp-content\/uploads\/2023\/09\/310px-DIN-Logo.svg.png&#8220; image_icon_width=&#8220;56%&#8220; _builder_version=&#8220;4.22.1&#8243; header_font=&#8220;||||||||&#8220; header_font_size=&#8220;20px&#8220; header_line_height=&#8220;1.4em&#8220; body_font=&#8220;Abel||||||||&#8220; body_font_size=&#8220;15px&#8220; background_color=&#8220;#ffffff&#8220; background_color_gradient_direction=&#8220;160deg&#8220; text_orientation=&#8220;center&#8220; custom_padding=&#8220;40px|20px|40px|20px|true|true&#8220; link_option_url=&#8220;#&#8220; header_font_size_tablet=&#8220;20px&#8220; header_font_size_phone=&#8220;17px&#8220; header_font_size_last_edited=&#8220;on|phone&#8220; body_line_height_tablet=&#8220;&#8220; body_line_height_phone=&#8220;1.6em&#8220; body_line_height_last_edited=&#8220;on|phone&#8220; locked=&#8220;off&#8220; global_colors_info=&#8220;{}&#8220; transform_styles__hover_enabled=&#8220;on&#8220; transform_scale__hover=&#8220;106%|106%&#8220; transform_scale__hover_enabled=&#8220;on&#8220; transform_translate__hover_enabled=&#8220;on&#8220; transform_rotate__hover_enabled=&#8220;on&#8220; transform_skew__hover_enabled=&#8220;on&#8220; transform_origin__hover_enabled=&#8220;on&#8220;]<\/p>\n<p><span style=\"font-weight: 400;\">Probado y certificado seg\u00fan <\/span><span style=\"font-weight: 400;\">DIN EN 71.<\/span><\/p>\n<p><span style=\"font-weight: 400;\"><\/span><\/p>\n<p><span style=\"font-weight: 400;\"><\/span><\/p>\n<p>[\/et_pb_blurb][\/et_pb_column][et_pb_column type=&#8220;1_3&#8243; _builder_version=&#8220;4.16&#8243; global_colors_info=&#8220;{}&#8220;][et_pb_blurb title=&#8220;Lokal &#038; Fair&#8220; image=&#8220;https:\/\/blubloxx.de\/wp-content\/uploads\/2023\/09\/Bildschirmfoto-2023-09-22-um-09.23.06.png&#8220; image_icon_width=&#8220;77%&#8220; _builder_version=&#8220;4.22.1&#8243; header_font=&#8220;||||||||&#8220; header_font_size=&#8220;20px&#8220; header_line_height=&#8220;1.4em&#8220; body_font=&#8220;Abel||||||||&#8220; body_font_size=&#8220;15px&#8220; background_color=&#8220;#ffffff&#8220; background_color_gradient_direction=&#8220;160deg&#8220; text_orientation=&#8220;center&#8220; custom_padding=&#8220;40px|20px|40px|20px|true|true&#8220; link_option_url=&#8220;#&#8220; header_font_size_tablet=&#8220;20px&#8220; header_font_size_phone=&#8220;17px&#8220; header_font_size_last_edited=&#8220;on|phone&#8220; body_line_height_tablet=&#8220;&#8220; body_line_height_phone=&#8220;1.6em&#8220; body_line_height_last_edited=&#8220;on|phone&#8220; locked=&#8220;off&#8220; global_colors_info=&#8220;{}&#8220; transform_styles__hover_enabled=&#8220;on&#8220; transform_scale__hover=&#8220;106%|106%&#8220; transform_scale__hover_enabled=&#8220;on&#8220; transform_translate__hover_enabled=&#8220;on&#8220; transform_rotate__hover_enabled=&#8220;on&#8220; transform_skew__hover_enabled=&#8220;on&#8220; transform_origin__hover_enabled=&#8220;on&#8220;]<\/p>\n<p><span style=\"font-weight: 400;\">Producci\u00f3n limpia, segura y con ahorro de energ\u00eda.<\/span><\/p>\n<p>[\/et_pb_blurb][\/et_pb_column][\/et_pb_row][\/et_pb_section]<\/p>","protected":false},"excerpt":{"rendered":"<p>\u00dcber uns Bei Blubloxx sind wir stolz darauf, nicht nur Spielzeug herzustellen, sondern auch eine Vision zu verwirklichen, die auf Innovation, Nachhaltigkeit und Sicherheit basiert. Unsere Geschichte begann mit einem leidenschaftlichen Ingenieur und Vater, der sich der Herausforderung des Kunststoffverschnitts in der Industrie stellte.Unser Gr\u00fcnder Unser Gr\u00fcnder, ein erfahrener Ingenieur und Spezialist f\u00fcr Kunststoffe, erkannte [&hellip;]<\/p>","protected":false},"author":3,"featured_media":0,"parent":0,"menu_order":2,"comment_status":"closed","ping_status":"closed","template":"","meta":{"_et_pb_use_builder":"on","_et_pb_old_content":"<!-- wp:divi\/placeholder \/-->","_et_gb_content_width":"","footnotes":""},"class_list":["post-10","page","type-page","status-publish","hentry"],"_links":{"self":[{"href":"https:\/\/blubloxx.de\/es\/wp-json\/wp\/v2\/pages\/10","targetHints":{"allow":["GET"]}}],"collection":[{"href":"https:\/\/blubloxx.de\/es\/wp-json\/wp\/v2\/pages"}],"about":[{"href":"https:\/\/blubloxx.de\/es\/wp-json\/wp\/v2\/types\/page"}],"author":[{"embeddable":true,"href":"https:\/\/blubloxx.de\/es\/wp-json\/wp\/v2\/users\/3"}],"replies":[{"embeddable":true,"href":"https:\/\/blubloxx.de\/es\/wp-json\/wp\/v2\/comments?post=10"}],"version-history":[{"count":10,"href":"https:\/\/blubloxx.de\/es\/wp-json\/wp\/v2\/pages\/10\/revisions"}],"predecessor-version":[{"id":10365,"href":"https:\/\/blubloxx.de\/es\/wp-json\/wp\/v2\/pages\/10\/revisions\/10365"}],"wp:attachment":[{"href":"https:\/\/blubloxx.de\/es\/wp-json\/wp\/v2\/media?parent=10"}],"curies":[{"name":"wp","href":"https:\/\/api.w.org\/{rel}","templated":true}]}}