{"id":13,"date":"2023-09-14T11:16:03","date_gmt":"2023-09-14T09:16:03","guid":{"rendered":"https:\/\/blubloxx.de\/?page_id=13"},"modified":"2026-03-11T13:45:47","modified_gmt":"2026-03-11T11:45:47","slug":"our-product","status":"publish","type":"page","link":"https:\/\/blubloxx.de\/en\/our-product\/","title":{"rendered":"Product"},"content":{"rendered":"<p>[et_pb_section fb_built=&#8220;1&#8243; admin_label=&#8220;Product&#8220; _builder_version=&#8220;4.17.6&#8243; _module_preset=&#8220;default&#8220; background_enable_image=&#8220;off&#8220; background_position=&#8220;top_center&#8220; overflow-x=&#8220;hidden&#8220; overflow-y=&#8220;hidden&#8220; custom_padding=&#8220;||5px|||&#8220; collapsed=&#8220;on&#8220; global_colors_info=&#8220;{}&#8220;][et_pb_row column_structure=&#8220;1_2,1_2&#8243; _builder_version=&#8220;4.22.1&#8243; _module_preset=&#8220;default&#8220; global_colors_info=&#8220;{}&#8220;][et_pb_column type=&#8220;1_2&#8243; _builder_version=&#8220;4.22.1&#8243; _module_preset=&#8220;default&#8220; global_colors_info=&#8220;{}&#8220;][et_pb_text _builder_version=&#8220;4.22.1&#8243; _module_preset=&#8220;default&#8220; global_colors_info=&#8220;{}&#8220;]<\/p>\n<h1>Play sustainably. Think big. Blubloxx.<\/h1>\n<p class=\"font-claude-response-body break-words whitespace-normal leading-[1.7]\">Blubloxx are large-format play blocks made from 50 % recycled industrial plastic. What used to end up as production waste becomes a high-quality toy with us - durable, safe and 100 % recyclable at the end of its playing life.<\/p>\n<p class=\"font-claude-response-body break-words whitespace-normal leading-[1.7]\">The idea behind it: An engineer and father didn't want to simply throw away the high-quality plastic waste from industry. This gave rise to Blubloxx - building blocks with a history and a future.<\/p>\n<p>[\/et_pb_text][\/et_pb_column][et_pb_column type=&#8220;1_2&#8243; _builder_version=&#8220;4.22.1&#8243; _module_preset=&#8220;default&#8220; global_colors_info=&#8220;{}&#8220;][et_pb_image src=&#8220;https:\/\/blubloxx.de\/wp-content\/uploads\/2025\/05\/8_blau_45__1_-removebg-preview.png&#8220; title_text=&#8220;8_blau_45__1_-removebg-preview&#8220; _builder_version=&#8220;4.27.4&#8243; _module_preset=&#8220;default&#8220; global_colors_info=&#8220;{}&#8220;][\/et_pb_image][\/et_pb_column][\/et_pb_row][et_pb_row _builder_version=&#8220;4.27.6&#8243; _module_preset=&#8220;default&#8220;][et_pb_column _builder_version=&#8220;4.27.6&#8243; _module_preset=&#8220;default&#8220; type=&#8220;4_4&#8243;][et_pb_text _builder_version=&#8220;4.27.6&#8243; _module_preset=&#8220;default&#8220; hover_enabled=&#8220;0&#8243; sticky_enabled=&#8220;0&#8243;]<\/p>\n<h2>Our product packages<\/h2>\n<p>[\/et_pb_text][\/et_pb_column][\/et_pb_row][et_pb_row column_structure=&#8220;1_2,1_2&#8243; _builder_version=&#8220;4.27.6&#8243; _module_preset=&#8220;default&#8220; global_colors_info=&#8220;{}&#8220;][et_pb_column type=&#8220;1_2&#8243; _builder_version=&#8220;4.27.6&#8243; _module_preset=&#8220;default&#8220; global_colors_info=&#8220;{}&#8220;][et_pb_blurb title=&#8220;Blubloxx XL Spielbausteine \u2013 Pastell&#8220; url=&#8220;https:\/\/www.bausteinexl.de\/de\/blubloxx\/blubloxx-xl-spielbausteine-recycelbares-und-langlebiges-bauspielzeug.html&#8220; url_new_window=&#8220;on&#8220; image=&#8220;https:\/\/blubloxx.de\/wp-content\/uploads\/2026\/03\/IF_0244-5-3.jpg&#8220; _builder_version=&#8220;4.27.6&#8243; _module_preset=&#8220;default&#8220; hover_enabled=&#8220;0&#8243; global_colors_info=&#8220;{%22gcid-4a0b82aa-b82d-45ce-b6f8-1971f3aab781%22:%91%22background_color%22,%22border_color_all%22%93}&#8220; background_color=&#8220;gcid-4a0b82aa-b82d-45ce-b6f8-1971f3aab781&#8243; sticky_enabled=&#8220;0&#8243; border_width_all=&#8220;3px&#8220; border_color_all=&#8220;gcid-4a0b82aa-b82d-45ce-b6f8-1971f3aab781&#8243; border_radii=&#8220;on|19px|19px|19px|19px&#8220;]<\/p>\n<p>Large building blocks for little builders aged 3 and over. Encourage creativity, concentration and coordination. Tested and certified according to DIN EN 71.<\/p>\n<p>55 Blubloxx pastel blocks, of which:<\/p>\n<ul>\n<li>43 pieces 30 x 15 cm<\/li>\n<li>10 pieces 15 x 15 cm<\/li>\n<li>2 end stones with a smooth top<\/li>\n<\/ul>\n<p>Naturally tested according to DIN EN 71<\/p>\n<p>Suitable for children aged 3 and over<\/p>\n<p>Made from 50% recycled plastic<\/p>\n<p>100% recyclable<\/p>\n<p>[\/et_pb_blurb][et_pb_button button_url=&#8220;https:\/\/www.bausteinexl.de\/de\/blubloxx\/blubloxx-xl-spielbausteine-recycelbares-und-langlebiges-bauspielzeug.html&#8220; url_new_window=&#8220;on&#8220; button_text=&#8220;Jetzt kaufen&#8220; button_alignment=&#8220;center&#8220; _builder_version=&#8220;4.27.6&#8243; _module_preset=&#8220;default&#8220; custom_button=&#8220;on&#8220; button_border_radius=&#8220;19px&#8220; global_colors_info=&#8220;{}&#8220;][\/et_pb_button][\/et_pb_column][et_pb_column type=&#8220;1_2&#8243; _builder_version=&#8220;4.27.6&#8243; _module_preset=&#8220;default&#8220; global_colors_info=&#8220;{}&#8220;][et_pb_blurb title=&#8220;Blubloxx Regalplatten-Set (4 Platten, je 90\u00d730 cm)&#8220; image=&#8220;https:\/\/blubloxx.de\/wp-content\/uploads\/2026\/03\/blubloxx-regale-set-mit-4-grosse-regale-von-90&#215;30-cm-e1773227061457.png&#8220; _builder_version=&#8220;4.27.6&#8243; _module_preset=&#8220;default&#8220; hover_enabled=&#8220;0&#8243; global_colors_info=&#8220;{%22gcid-4a0b82aa-b82d-45ce-b6f8-1971f3aab781%22:%91%22background_color%22,%22border_color_all%22%93}&#8220; background_color=&#8220;gcid-4a0b82aa-b82d-45ce-b6f8-1971f3aab781&#8243; sticky_enabled=&#8220;0&#8243; border_radii=&#8220;on|19px|19px|19px|19px&#8220; border_width_all=&#8220;3px&#8220; border_color_all=&#8220;gcid-4a0b82aa-b82d-45ce-b6f8-1971f3aab781&#8243;]<\/p>\n<p><span>This set of 4 shelf plates is specially designed for Blubloxx <strong>made from up to 100 % recycled<\/strong> plastic.<\/span><\/p>\n<p>4 plates of it:<\/p>\n<ul>\n<li>2 grey copies of 90 x 30 cm<\/li>\n<li>2 yellow copies of 90 x 30 cm<\/li>\n<\/ul>\n<p>Naturally tested according to DIN EN 71<\/p>\n<p>Suitable for children aged 3 and over<\/p>\n<p>The grey shelves are made from 100 % recycled plastic<\/p>\n<p>The yellow shelf panels are 97% made from recycled plastic<\/p>\n<p>100% recyclable<\/p>\n<p>[\/et_pb_blurb][et_pb_button button_url=&#8220;https:\/\/www.bausteinexl.de\/de\/blubloxx\/blubloxx-regale-set-mit-4-grosse-regale-von-90&#215;30-cm.html&#8220; url_new_window=&#8220;on&#8220; button_text=&#8220;Jetzt kaufen&#8220; button_alignment=&#8220;center&#8220; _builder_version=&#8220;4.27.6&#8243; _module_preset=&#8220;default&#8220; custom_button=&#8220;on&#8220; button_border_radius=&#8220;19px&#8220; global_colors_info=&#8220;{}&#8220;][\/et_pb_button][\/et_pb_column][\/et_pb_row][\/et_pb_section][et_pb_section fb_built=&#8220;1&#8243; _builder_version=&#8220;4.22.1&#8243; _module_preset=&#8220;default&#8220; custom_padding=&#8220;19px|||||&#8220; global_colors_info=&#8220;{}&#8220;][et_pb_row column_structure=&#8220;1_2,1_2&#8243; _builder_version=&#8220;4.22.1&#8243; _module_preset=&#8220;default&#8220; global_colors_info=&#8220;{}&#8220;][et_pb_column type=&#8220;1_2&#8243; _builder_version=&#8220;4.22.1&#8243; _module_preset=&#8220;default&#8220; global_colors_info=&#8220;{}&#8220;][et_pb_image src=&#8220;https:\/\/blubloxx.de\/wp-content\/uploads\/2025\/05\/IF_0526-1.jpg&#8220; title_text=&#8220;_IF_0526 (1)&#8220; _builder_version=&#8220;4.27.4&#8243; _module_preset=&#8220;default&#8220; global_colors_info=&#8220;{}&#8220;][\/et_pb_image][\/et_pb_column][et_pb_column type=&#8220;1_2&#8243; _builder_version=&#8220;4.22.1&#8243; _module_preset=&#8220;default&#8220; global_colors_info=&#8220;{}&#8220;][et_pb_text _builder_version=&#8220;4.22.1&#8243; _module_preset=&#8220;default&#8220; global_colors_info=&#8220;{}&#8220;]<\/p>\n<h1><span style=\"font-weight: 400;\">Perfect for budding builders aged 3+!<\/span><\/h1>\n<p><span style=\"font-weight: 400;\">Playing and building with Blubloxx isn\u2019t just great fun \u2013 it also naturally supports dexterity, concentration and coordination. The officially recommended minimum age is 3 years. That said, even younger builders can play safely \u2013 there are no small parts that could be swallowed. So nothing stands in the way of creativity and imagination!<\/span><\/p>\n<p>[\/et_pb_text][\/et_pb_column][\/et_pb_row][et_pb_row column_structure=&#8220;1_2,1_2&#8243; _builder_version=&#8220;4.22.1&#8243; _module_preset=&#8220;default&#8220; global_colors_info=&#8220;{}&#8220;][et_pb_column type=&#8220;1_2&#8243; _builder_version=&#8220;4.22.1&#8243; _module_preset=&#8220;default&#8220; global_colors_info=&#8220;{}&#8220;][et_pb_text _builder_version=&#8220;4.22.1&#8243; _module_preset=&#8220;default&#8220; global_colors_info=&#8220;{}&#8220;]<\/p>\n<h1><span style=\"font-weight: 400;\">Quality, safety, and sustainability \u2013 Blubloxx are tested and certified.<\/span><\/h1>\n<p><span style=\"font-weight: 400;\">Our building blocks are made from 50% recycled plastic \u2013 and are 100% recyclable!\u00a0<\/span><\/p>\n<p><span style=\"font-weight: 400;\">We don\u2019t believe in \u201cgreenwashing\u201d with so-called bioplastics.\nAgricultural production of renewable raw materials and bioplastics still impacts the environment, competes with global food resources and does not solve the problem of plastic pollution.<\/span><\/p>\n<p><span style=\"font-weight: 400;\">For us, sustainability also means durability \u2013 our building blocks are made to last for years, just like on day one.\nAnd because little ones love to explore the world not only with their hands and eyes, but also with their mouths, our material is, of course, tested and certified according to DIN EN 71 safety standards.\u00a0<\/span><\/p>\n<p>[\/et_pb_text][\/et_pb_column][et_pb_column type=&#8220;1_2&#8243; _builder_version=&#8220;4.22.1&#8243; _module_preset=&#8220;default&#8220; global_colors_info=&#8220;{}&#8220;][et_pb_image src=&#8220;https:\/\/blubloxx.de\/wp-content\/uploads\/2023\/09\/Bildschirmfoto-2023-09-27-um-19.24.19.png&#8220; title_text=&#8220;Bildschirmfoto 2023-09-27 um 19.24.19&#8243; _builder_version=&#8220;4.22.1&#8243; _module_preset=&#8220;default&#8220; global_colors_info=&#8220;{}&#8220;][\/et_pb_image][\/et_pb_column][\/et_pb_row][\/et_pb_section]<\/p>","protected":false},"excerpt":{"rendered":"<p>Nachhaltig spielen. Gro\u00df denken. Blubloxx. Blubloxx sind gro\u00dfformatige Spielbausteine aus 50 % recyceltem Industriekunststoff. Was fr\u00fcher als Produktionsabfall endete, wird bei uns zum hochwertigen Spielzeug \u2013 langlebig, sicher und am Ende des Spiellebens zu 100 % recycelbar. Die Idee dahinter: Ein Ingenieur und Vater wollte den hochwertigen Kunststoffverschnitt aus der Industrie nicht einfach wegwerfen. Daraus [&hellip;]<\/p>","protected":false},"author":3,"featured_media":0,"parent":0,"menu_order":3,"comment_status":"closed","ping_status":"closed","template":"","meta":{"_et_pb_use_builder":"on","_et_pb_old_content":"<!-- wp:divi\/placeholder \/-->","_et_gb_content_width":"","footnotes":""},"class_list":["post-13","page","type-page","status-publish","hentry"],"_links":{"self":[{"href":"https:\/\/blubloxx.de\/en\/wp-json\/wp\/v2\/pages\/13","targetHints":{"allow":["GET"]}}],"collection":[{"href":"https:\/\/blubloxx.de\/en\/wp-json\/wp\/v2\/pages"}],"about":[{"href":"https:\/\/blubloxx.de\/en\/wp-json\/wp\/v2\/types\/page"}],"author":[{"embeddable":true,"href":"https:\/\/blubloxx.de\/en\/wp-json\/wp\/v2\/users\/3"}],"replies":[{"embeddable":true,"href":"https:\/\/blubloxx.de\/en\/wp-json\/wp\/v2\/comments?post=13"}],"version-history":[{"count":9,"href":"https:\/\/blubloxx.de\/en\/wp-json\/wp\/v2\/pages\/13\/revisions"}],"predecessor-version":[{"id":10503,"href":"https:\/\/blubloxx.de\/en\/wp-json\/wp\/v2\/pages\/13\/revisions\/10503"}],"wp:attachment":[{"href":"https:\/\/blubloxx.de\/en\/wp-json\/wp\/v2\/media?parent=13"}],"curies":[{"name":"wp","href":"https:\/\/api.w.org\/{rel}","templated":true}]}}